{"id":13277,"date":"2022-09-13T10:12:26","date_gmt":"2022-09-13T08:12:26","guid":{"rendered":"https:\/\/sikom.de\/?page_id=13277"},"modified":"2023-01-23T11:07:52","modified_gmt":"2023-01-23T10:07:52","slug":"sikom-statusone-one-synchronised-status-for-ms-teams-telephone-and-smartphone","status":"publish","type":"page","link":"https:\/\/sikom.de\/en\/solutions\/sikom-statusone-one-synchronised-status-for-ms-teams-telephone-and-smartphone\/","title":{"rendered":"Sikom StatusOne &#8211; &#8222;One&#8220; synchronised status for MS Teams, telephone and smartphone"},"content":{"rendered":"<div class=\"wpb-content-wrapper\"><p>[vc_row css=&#8220;.vc_custom_1657532489719{margin-bottom: 0px !important;border-bottom-width: 0px !important;padding-top: 0px !important;padding-bottom: 0px !important;}&#8220;][vc_column][vc_column_text]<\/p>\n<h3><strong>Sikom StatusOne controls the status between the different communication systems within the whole company.<\/strong><\/h3>\n<p>[\/vc_column_text][vc_column_text css=&#8220;.vc_custom_1669202148211{margin-bottom: 0px !important;border-bottom-width: 0px !important;padding-bottom: 0px !important;}&#8220;]The number of communication systems is continuously increasing, video conferences have grown rapidly and an overarching control of the conversation status in the systems is missing &#8211; there is an enormous need here.[\/vc_column_text][\/vc_column][\/vc_row][vc_row gap=&#8220;10&#8243; content_placement=&#8220;top&#8220; css=&#8220;.vc_custom_1661758874343{margin-top: 0px !important;margin-bottom: 0px !important;border-top-width: 0px !important;padding-top: 0px !important;}&#8220;][vc_column width=&#8220;1\/2&#8243; css=&#8220;.vc_custom_1669627038597{margin-bottom: 0px !important;border-bottom-width: 0px !important;}&#8220;][vc_column_text css=&#8220;.vc_custom_1669627015993{margin-bottom: 0px !important;border-bottom-width: 0px !important;}&#8220;]<\/p>\n<p style=\"text-align: justify;\"><strong>Microsoft Teams is on the rise<\/strong><\/p>\n<p style=\"text-align: justify;\">With the use of MS Teams, another communication system has found its way into companies. It complements telephones and smartphones. Often, these are all isolated solutions whose status is not linked to each other.<\/p>\n<p style=\"text-align: justify;\"><strong>The conversation status should be synchronised<\/strong><\/p>\n<p style=\"text-align: justify;\">As a result, the user&#8217;s &#8222;Free&#8220; or &#8222;Busy&#8220; status is mapped in isolation in each application and is not visible to third parties. A comprehensive control of the presence status across all systems is often not possible. Hence, a call &#8222;rings&#8220; on the landline phone and cannot be answered if the person is already in an MS Teams conversation. Or colleagues do not realise that the person is not available. These situations lead to superfluous activities with loss of time and concentration. From the customer&#8217;s point of view, it causes dissatisfaction.<\/p>\n<p style=\"text-align: justify;\"><strong>The solution is simple<\/strong><\/p>\n<p style=\"text-align: justify;\">Sikom StatusOne loosely couples, for example, a classic telephone system with an MS Teams client. The synchronisation is realised by monitoring the telephone system via CTI and monitoring the presence status in MS Teams. Both pieces of information lead to a consolidated status for each user and thus enable synchronisation on both sides. A user can immediately see whether the desired partner is currently on a call or free. In addition, classic telephone calls are only delivered if no MS Teams communication is in progress. If this is the case, the call is diverted via CTI to a free colleague or a mailbox, for example.<\/p>\n<p style=\"text-align: justify;\">The integration of any number of smartphones into the synchronisation can be done via an easy-to-use app.<\/p>\n<p><strong>Conclusion:<\/strong><\/p>\n<p>Synchronising the status of voice applications and devices is easy. Customers are more satisfied and employees work together smoothly and in a concentrated manner.[\/vc_column_text][\/vc_column][vc_column width=&#8220;1\/2&#8243; css=&#8220;.vc_custom_1661759029395{margin-top: 0px !important;}&#8220;][vc_single_image image=&#8220;13281&#8243; img_size=&#8220;full&#8220; alignment=&#8220;right&#8220; css=&#8220;.vc_custom_1663057012014{margin-top: 0px !important;}&#8220;][vc_column_text css=&#8220;.vc_custom_1669626943686{margin-bottom: 0px !important;}&#8220;]<\/p>\n<p>&nbsp;<\/p>\n<p>&nbsp;<\/p>\n<p>[\/vc_column_text][vc_single_image image=&#8220;13736&#8243; img_size=&#8220;full&#8220; alignment=&#8220;right&#8220; css=&#8220;.vc_custom_1674467494518{margin-top: 0px !important;}&#8220;][\/vc_column][\/vc_row][vc_row css=&#8220;.vc_custom_1669627059534{margin-top: 0px !important;border-top-width: 0px !important;padding-top: 0px !important;}&#8220;][vc_column width=&#8220;1\/4&#8243;][vc_column_text]You want to know more?[\/vc_column_text][\/vc_column][vc_column width=&#8220;1\/4&#8243;][vc_btn title=&#8220;Contact us!&#8220; color=&#8220;danger&#8220; css=&#8220;.vc_custom_1674468462103{margin-top: 0px !important;border-top-width: 0px !important;padding-top: 0px !important;}&#8220; link=&#8220;url:https%3A%2F%2Fsikom.de%2Fkontaktformular-sikom-statusone%2F|target:_blank&#8220;][\/vc_column][vc_column width=&#8220;1\/4&#8243;][\/vc_column][vc_column width=&#8220;1\/4&#8243;][\/vc_column][\/vc_row]<\/p>\n<\/div>","protected":false},"excerpt":{"rendered":"<p>[vc_row css=&#8220;.vc_custom_1657532489719{margin-bottom: 0px !important;border-bottom-width: 0px !important;padding-top: 0px !important;padding-bottom: 0px !important;}&#8220;][vc_column][vc_column_text] Sikom StatusOne controls the status between the different communication systems within the whole company. [\/vc_column_text][vc_column_text css=&#8220;.vc_custom_1669202148211{margin-bottom: 0px !important;border-bottom-width: 0px !important;padding-bottom: 0px !important;}&#8220;]The number of communication systems is continuously increasing, video conferences have grown rapidly and an overarching control of the conversation status in the systems [&hellip;]<\/p>\n","protected":false},"author":2,"featured_media":13282,"parent":12932,"menu_order":7,"comment_status":"closed","ping_status":"closed","template":"","meta":{"_acf_changed":false,"footnotes":""},"class_list":["post-13277","page","type-page","status-publish","has-post-thumbnail","hentry"],"acf":[],"yoast_head":"<!-- This site is optimized with the Yoast SEO plugin v26.7 - https:\/\/yoast.com\/wordpress\/plugins\/seo\/ -->\n<title>Sikom StatusOne - &quot;One&quot; synchronised status for MS Teams, telephone and smartphone - Sikom Software GmbH<\/title>\n<meta name=\"description\" content=\"Sikom StatusOne controls the presence status between the different communication systems for the whole company.\" \/>\n<meta name=\"robots\" content=\"index, follow, max-snippet:-1, max-image-preview:large, max-video-preview:-1\" \/>\n<link rel=\"canonical\" href=\"https:\/\/sikom.de\/en\/solutions\/sikom-statusone-one-synchronised-status-for-ms-teams-telephone-and-smartphone\/\" \/>\n<meta property=\"og:locale\" content=\"en_US\" \/>\n<meta property=\"og:type\" content=\"article\" \/>\n<meta property=\"og:title\" content=\"Sikom StatusOne - &quot;One&quot; synchronised status for MS Teams, telephone and smartphone - Sikom Software GmbH\" \/>\n<meta property=\"og:description\" content=\"Sikom StatusOne controls the presence status between the different communication systems for the whole company.\" \/>\n<meta property=\"og:url\" content=\"https:\/\/sikom.de\/en\/solutions\/sikom-statusone-one-synchronised-status-for-ms-teams-telephone-and-smartphone\/\" \/>\n<meta property=\"og:site_name\" content=\"Sikom Software GmbH\" \/>\n<meta property=\"article:modified_time\" content=\"2023-01-23T10:07:52+00:00\" \/>\n<meta property=\"og:image\" content=\"https:\/\/sikom.de\/wp-content\/uploads\/2022\/08\/220825_Sikom-Status_One_Motiv-1024x849.png\" \/>\n\t<meta property=\"og:image:width\" content=\"1024\" \/>\n\t<meta property=\"og:image:height\" content=\"849\" \/>\n\t<meta property=\"og:image:type\" content=\"image\/png\" \/>\n<meta name=\"twitter:card\" content=\"summary_large_image\" \/>\n<meta name=\"twitter:label1\" content=\"Gesch\u00e4tzte Lesezeit\" \/>\n\t<meta name=\"twitter:data1\" content=\"3\u00a0Minuten\" \/>\n<script type=\"application\/ld+json\" class=\"yoast-schema-graph\">{\"@context\":\"https:\/\/schema.org\",\"@graph\":[{\"@type\":\"WebPage\",\"@id\":\"https:\/\/sikom.de\/en\/solutions\/sikom-statusone-one-synchronised-status-for-ms-teams-telephone-and-smartphone\/\",\"url\":\"https:\/\/sikom.de\/en\/solutions\/sikom-statusone-one-synchronised-status-for-ms-teams-telephone-and-smartphone\/\",\"name\":\"Sikom StatusOne - \\\"One\\\" synchronised status for MS Teams, telephone and smartphone - Sikom Software GmbH\",\"isPartOf\":{\"@id\":\"https:\/\/sikom.de\/en\/#website\"},\"primaryImageOfPage\":{\"@id\":\"https:\/\/sikom.de\/en\/solutions\/sikom-statusone-one-synchronised-status-for-ms-teams-telephone-and-smartphone\/#primaryimage\"},\"image\":{\"@id\":\"https:\/\/sikom.de\/en\/solutions\/sikom-statusone-one-synchronised-status-for-ms-teams-telephone-and-smartphone\/#primaryimage\"},\"thumbnailUrl\":\"https:\/\/sikom.de\/wp-content\/uploads\/2022\/08\/220825_Sikom-Status_One_Motiv.png\",\"datePublished\":\"2022-09-13T08:12:26+00:00\",\"dateModified\":\"2023-01-23T10:07:52+00:00\",\"description\":\"Sikom StatusOne controls the presence status between the different communication systems for the whole company.\",\"breadcrumb\":{\"@id\":\"https:\/\/sikom.de\/en\/solutions\/sikom-statusone-one-synchronised-status-for-ms-teams-telephone-and-smartphone\/#breadcrumb\"},\"inLanguage\":\"de\",\"potentialAction\":[{\"@type\":\"ReadAction\",\"target\":[\"https:\/\/sikom.de\/en\/solutions\/sikom-statusone-one-synchronised-status-for-ms-teams-telephone-and-smartphone\/\"]}]},{\"@type\":\"ImageObject\",\"inLanguage\":\"de\",\"@id\":\"https:\/\/sikom.de\/en\/solutions\/sikom-statusone-one-synchronised-status-for-ms-teams-telephone-and-smartphone\/#primaryimage\",\"url\":\"https:\/\/sikom.de\/wp-content\/uploads\/2022\/08\/220825_Sikom-Status_One_Motiv.png\",\"contentUrl\":\"https:\/\/sikom.de\/wp-content\/uploads\/2022\/08\/220825_Sikom-Status_One_Motiv.png\",\"width\":8192,\"height\":6788,\"caption\":\"Abbildung Sikom StatusOne\"},{\"@type\":\"BreadcrumbList\",\"@id\":\"https:\/\/sikom.de\/en\/solutions\/sikom-statusone-one-synchronised-status-for-ms-teams-telephone-and-smartphone\/#breadcrumb\",\"itemListElement\":[{\"@type\":\"ListItem\",\"position\":1,\"name\":\"Home\",\"item\":\"https:\/\/sikom.de\/en\/\"},{\"@type\":\"ListItem\",\"position\":2,\"name\":\"Solutions\",\"item\":\"https:\/\/sikom.de\/en\/solutions\/\"},{\"@type\":\"ListItem\",\"position\":3,\"name\":\"Sikom StatusOne &#8211; &#8222;One&#8220; synchronised status for MS Teams, telephone and smartphone\"}]},{\"@type\":\"WebSite\",\"@id\":\"https:\/\/sikom.de\/en\/#website\",\"url\":\"https:\/\/sikom.de\/en\/\",\"name\":\"Sikom Software GmbH\",\"description\":\"Sikom \u2013 seit 25 Jahren einer der f\u00fchrenden Anbieter f\u00fcr Contact Center Systeme. Wir bieten unsere L\u00f6sung on-prem, als Hybrid- oder reine Cloudl\u00f6sung und entwickeln diese permanent weiter.\",\"potentialAction\":[{\"@type\":\"SearchAction\",\"target\":{\"@type\":\"EntryPoint\",\"urlTemplate\":\"https:\/\/sikom.de\/en\/?s={search_term_string}\"},\"query-input\":{\"@type\":\"PropertyValueSpecification\",\"valueRequired\":true,\"valueName\":\"search_term_string\"}}],\"inLanguage\":\"de\"}]}<\/script>\n<!-- \/ Yoast SEO plugin. -->","yoast_head_json":{"title":"Sikom StatusOne - \"One\" synchronised status for MS Teams, telephone and smartphone - Sikom Software GmbH","description":"Sikom StatusOne controls the presence status between the different communication systems for the whole company.","robots":{"index":"index","follow":"follow","max-snippet":"max-snippet:-1","max-image-preview":"max-image-preview:large","max-video-preview":"max-video-preview:-1"},"canonical":"https:\/\/sikom.de\/en\/solutions\/sikom-statusone-one-synchronised-status-for-ms-teams-telephone-and-smartphone\/","og_locale":"en_US","og_type":"article","og_title":"Sikom StatusOne - \"One\" synchronised status for MS Teams, telephone and smartphone - Sikom Software GmbH","og_description":"Sikom StatusOne controls the presence status between the different communication systems for the whole company.","og_url":"https:\/\/sikom.de\/en\/solutions\/sikom-statusone-one-synchronised-status-for-ms-teams-telephone-and-smartphone\/","og_site_name":"Sikom Software GmbH","article_modified_time":"2023-01-23T10:07:52+00:00","og_image":[{"width":1024,"height":849,"url":"https:\/\/sikom.de\/wp-content\/uploads\/2022\/08\/220825_Sikom-Status_One_Motiv-1024x849.png","type":"image\/png"}],"twitter_card":"summary_large_image","twitter_misc":{"Gesch\u00e4tzte Lesezeit":"3\u00a0Minuten"},"schema":{"@context":"https:\/\/schema.org","@graph":[{"@type":"WebPage","@id":"https:\/\/sikom.de\/en\/solutions\/sikom-statusone-one-synchronised-status-for-ms-teams-telephone-and-smartphone\/","url":"https:\/\/sikom.de\/en\/solutions\/sikom-statusone-one-synchronised-status-for-ms-teams-telephone-and-smartphone\/","name":"Sikom StatusOne - \"One\" synchronised status for MS Teams, telephone and smartphone - Sikom Software GmbH","isPartOf":{"@id":"https:\/\/sikom.de\/en\/#website"},"primaryImageOfPage":{"@id":"https:\/\/sikom.de\/en\/solutions\/sikom-statusone-one-synchronised-status-for-ms-teams-telephone-and-smartphone\/#primaryimage"},"image":{"@id":"https:\/\/sikom.de\/en\/solutions\/sikom-statusone-one-synchronised-status-for-ms-teams-telephone-and-smartphone\/#primaryimage"},"thumbnailUrl":"https:\/\/sikom.de\/wp-content\/uploads\/2022\/08\/220825_Sikom-Status_One_Motiv.png","datePublished":"2022-09-13T08:12:26+00:00","dateModified":"2023-01-23T10:07:52+00:00","description":"Sikom StatusOne controls the presence status between the different communication systems for the whole company.","breadcrumb":{"@id":"https:\/\/sikom.de\/en\/solutions\/sikom-statusone-one-synchronised-status-for-ms-teams-telephone-and-smartphone\/#breadcrumb"},"inLanguage":"de","potentialAction":[{"@type":"ReadAction","target":["https:\/\/sikom.de\/en\/solutions\/sikom-statusone-one-synchronised-status-for-ms-teams-telephone-and-smartphone\/"]}]},{"@type":"ImageObject","inLanguage":"de","@id":"https:\/\/sikom.de\/en\/solutions\/sikom-statusone-one-synchronised-status-for-ms-teams-telephone-and-smartphone\/#primaryimage","url":"https:\/\/sikom.de\/wp-content\/uploads\/2022\/08\/220825_Sikom-Status_One_Motiv.png","contentUrl":"https:\/\/sikom.de\/wp-content\/uploads\/2022\/08\/220825_Sikom-Status_One_Motiv.png","width":8192,"height":6788,"caption":"Abbildung Sikom StatusOne"},{"@type":"BreadcrumbList","@id":"https:\/\/sikom.de\/en\/solutions\/sikom-statusone-one-synchronised-status-for-ms-teams-telephone-and-smartphone\/#breadcrumb","itemListElement":[{"@type":"ListItem","position":1,"name":"Home","item":"https:\/\/sikom.de\/en\/"},{"@type":"ListItem","position":2,"name":"Solutions","item":"https:\/\/sikom.de\/en\/solutions\/"},{"@type":"ListItem","position":3,"name":"Sikom StatusOne &#8211; &#8222;One&#8220; synchronised status for MS Teams, telephone and smartphone"}]},{"@type":"WebSite","@id":"https:\/\/sikom.de\/en\/#website","url":"https:\/\/sikom.de\/en\/","name":"Sikom Software GmbH","description":"Sikom \u2013 seit 25 Jahren einer der f\u00fchrenden Anbieter f\u00fcr Contact Center Systeme. Wir bieten unsere L\u00f6sung on-prem, als Hybrid- oder reine Cloudl\u00f6sung und entwickeln diese permanent weiter.","potentialAction":[{"@type":"SearchAction","target":{"@type":"EntryPoint","urlTemplate":"https:\/\/sikom.de\/en\/?s={search_term_string}"},"query-input":{"@type":"PropertyValueSpecification","valueRequired":true,"valueName":"search_term_string"}}],"inLanguage":"de"}]}},"_links":{"self":[{"href":"https:\/\/sikom.de\/en\/wp-json\/wp\/v2\/pages\/13277","targetHints":{"allow":["GET"]}}],"collection":[{"href":"https:\/\/sikom.de\/en\/wp-json\/wp\/v2\/pages"}],"about":[{"href":"https:\/\/sikom.de\/en\/wp-json\/wp\/v2\/types\/page"}],"author":[{"embeddable":true,"href":"https:\/\/sikom.de\/en\/wp-json\/wp\/v2\/users\/2"}],"replies":[{"embeddable":true,"href":"https:\/\/sikom.de\/en\/wp-json\/wp\/v2\/comments?post=13277"}],"version-history":[{"count":9,"href":"https:\/\/sikom.de\/en\/wp-json\/wp\/v2\/pages\/13277\/revisions"}],"predecessor-version":[{"id":13740,"href":"https:\/\/sikom.de\/en\/wp-json\/wp\/v2\/pages\/13277\/revisions\/13740"}],"up":[{"embeddable":true,"href":"https:\/\/sikom.de\/en\/wp-json\/wp\/v2\/pages\/12932"}],"wp:featuredmedia":[{"embeddable":true,"href":"https:\/\/sikom.de\/en\/wp-json\/wp\/v2\/media\/13282"}],"wp:attachment":[{"href":"https:\/\/sikom.de\/en\/wp-json\/wp\/v2\/media?parent=13277"}],"curies":[{"name":"wp","href":"https:\/\/api.w.org\/{rel}","templated":true}]}}