{"id":13270,"date":"2021-04-16T13:32:47","date_gmt":"2021-04-16T11:32:47","guid":{"rendered":"https:\/\/sikom.de\/imprint\/"},"modified":"2022-10-19T14:14:26","modified_gmt":"2022-10-19T12:14:26","slug":"imprint","status":"publish","type":"page","link":"https:\/\/sikom.de\/en\/imprint\/","title":{"rendered":"Imprint"},"content":{"rendered":"<div class=\"wpb-content-wrapper\"><p>[vc_row css=&#8220;.vc_custom_1618738997246{padding-top: 0px !important;padding-bottom: 0px !important;}&#8220;][vc_column][vc_column_text]<strong>Address<\/strong><br \/>\nSikom Software GmbH<br \/>\nTullastra\u00dfe 4<br \/>\nD-69126 Heidelberg<\/p>\n<p>Email: <a href=\"mailto:info@sikom.de\">info@sikom.de<\/a><br \/>\nWeb: www.sikom.de<br \/>\nTel.: +49 6221\/137880<br \/>\nFax: +49 6221\/13788130<\/p>\n<p><strong>Managing Directors<\/strong><br \/>\nDipl.-Ing. Frank Heintz<br \/>\nJ\u00fcrgen H. Hoffmeister<br \/>\nNatascha Hoffmeister<\/p>\n<p>Amtsgericht Mannheim<br \/>\nHRB 337511<\/p>\n<p>USt.-Id.<br \/>\nDE194634295<\/p>\n<p>Responsible for the editorial content according to \u00a7 55 para. 2 RStV:<\/p>\n<p>Sikom Software GmbH<br \/>\nTullastra\u00dfe 4<br \/>\nD-69126 Heidelberg<\/p>\n<p>&nbsp;<\/p>\n<h2>Disclaimer<\/h2>\n<p><strong>Liability for contents<\/strong><\/p>\n<p>The contents of our pages were created with the greatest care. However, we cannot guarantee the correctness, completeness and up-to-dateness of the contents. As a service provider, we are responsible for our own content on these pages in accordance with general laws pursuant to \u00a7 6 para.1 MDStV and \u00a7 7 para.1 TMG. However, service providers are not obliged to monitor the third-party information they transmit or store or to investigate circumstances that indicate illegal activity. Obligations to remove or block the use of information in accordance with general laws remain unaffected by this. However, liability in this regard is only possible from the time of knowledge of a concrete infringement. If we become aware of any such infringements, we will remove this content immediately.<\/p>\n<p><strong>Liability for links<\/strong><\/p>\n<p>Our offer contains links to external websites of third parties, on whose contents we have no influence. Therefore, we cannot assume any liability for these external contents. The respective provider or operator of the pages is always responsible for the content of the linked pages. The linked pages were checked for possible legal violations at the time of linking. Illegal contents were not recognisable at the time of linking. However, permanent monitoring of the content of the linked pages is not reasonable without concrete indications of a legal violation. If we become aware of any infringements, we will remove such links immediately.<\/p>\n<p><strong>Copyright<\/strong><\/p>\n<p>The operators of these pages always endeavour to respect the copyrights of others or to use their own works or works in the public domain. The contents and works created by the site operators on these pages are subject to German copyright law. Contributions by third parties are marked as such. The reproduction, editing, distribution and any kind of utilisation outside the limits of copyright law require the written consent of the respective author or creator. Downloads and copies of this site are only permitted for private, non-commercial use.<\/p>\n<p><strong>Data privacy<\/strong><\/p>\n<p>Insofar as personal data (e.g. name, address or e-mail addresses) is collected on our pages, this is always done on a voluntary basis as far as possible. The use of the offers and services is, as far as possible, always possible without providing personal data. The use of contact data published within the framework of the imprint obligation by third parties for the purpose of sending unsolicited advertising and information material is hereby expressly prohibited. The operators of the pages expressly reserve the right to take legal action in the event of the unsolicited sending of advertising information, for example through spam mails.<\/p>\n<p><em>Source: Disclaimer by e-recht24.de Rechtsanwalt S\u00f6ren Siebert<\/em><\/p>\n<p><strong>Picture credits<\/strong><\/p>\n<p>The images used are by dik j\u00fcngling. More information about the artist <a href=\"https:\/\/sikom.de\/unternehmen\/der-kuenstler-dik-juengling\/\">here<\/a> (in German).[\/vc_column_text][\/vc_column][\/vc_row]<\/p>\n<\/div>","protected":false},"excerpt":{"rendered":"<p>[vc_row css=&#8220;.vc_custom_1618738997246{padding-top: 0px !important;padding-bottom: 0px !important;}&#8220;][vc_column][vc_column_text]Address Sikom Software GmbH Tullastra\u00dfe 4 D-69126 Heidelberg Email: info@sikom.de Web: www.sikom.de Tel.: +49 6221\/137880 Fax: +49 6221\/13788130 Managing Directors Dipl.-Ing. Frank Heintz J\u00fcrgen H. Hoffmeister Natascha Hoffmeister Amtsgericht Mannheim HRB 337511 USt.-Id. DE194634295 Responsible for the editorial content according to \u00a7 55 para. 2 RStV: Sikom Software GmbH Tullastra\u00dfe [&hellip;]<\/p>\n","protected":false},"author":1,"featured_media":0,"parent":0,"menu_order":32,"comment_status":"closed","ping_status":"closed","template":"","meta":{"_acf_changed":false,"footnotes":""},"class_list":["post-13270","page","type-page","status-publish","hentry"],"acf":[],"yoast_head":"<!-- This site is optimized with the Yoast SEO plugin v26.7 - https:\/\/yoast.com\/wordpress\/plugins\/seo\/ -->\n<title>Imprint - Sikom Software GmbH<\/title>\n<meta name=\"description\" content=\"Imprint and disclaimer (liability for contents, liability for links, copyright and data protection for the Sikom Software homepage)\" \/>\n<meta name=\"robots\" content=\"index, follow, max-snippet:-1, max-image-preview:large, max-video-preview:-1\" \/>\n<link rel=\"canonical\" href=\"https:\/\/sikom.de\/en\/imprint\/\" \/>\n<meta property=\"og:locale\" content=\"en_US\" \/>\n<meta property=\"og:type\" content=\"article\" \/>\n<meta property=\"og:title\" content=\"Imprint - Sikom Software GmbH\" \/>\n<meta property=\"og:description\" content=\"Imprint and disclaimer (liability for contents, liability for links, copyright and data protection for the Sikom Software homepage)\" \/>\n<meta property=\"og:url\" content=\"https:\/\/sikom.de\/en\/imprint\/\" \/>\n<meta property=\"og:site_name\" content=\"Sikom Software GmbH\" \/>\n<meta property=\"article:modified_time\" content=\"2022-10-19T12:14:26+00:00\" \/>\n<meta name=\"twitter:card\" content=\"summary_large_image\" \/>\n<meta name=\"twitter:label1\" content=\"Gesch\u00e4tzte Lesezeit\" \/>\n\t<meta name=\"twitter:data1\" content=\"3\u00a0Minuten\" \/>\n<script type=\"application\/ld+json\" class=\"yoast-schema-graph\">{\"@context\":\"https:\/\/schema.org\",\"@graph\":[{\"@type\":\"WebPage\",\"@id\":\"https:\/\/sikom.de\/en\/imprint\/\",\"url\":\"https:\/\/sikom.de\/en\/imprint\/\",\"name\":\"Imprint - Sikom Software GmbH\",\"isPartOf\":{\"@id\":\"https:\/\/sikom.de\/en\/#website\"},\"datePublished\":\"2021-04-16T11:32:47+00:00\",\"dateModified\":\"2022-10-19T12:14:26+00:00\",\"description\":\"Imprint and disclaimer (liability for contents, liability for links, copyright and data protection for the Sikom Software homepage)\",\"breadcrumb\":{\"@id\":\"https:\/\/sikom.de\/en\/imprint\/#breadcrumb\"},\"inLanguage\":\"de\",\"potentialAction\":[{\"@type\":\"ReadAction\",\"target\":[\"https:\/\/sikom.de\/en\/imprint\/\"]}]},{\"@type\":\"BreadcrumbList\",\"@id\":\"https:\/\/sikom.de\/en\/imprint\/#breadcrumb\",\"itemListElement\":[{\"@type\":\"ListItem\",\"position\":1,\"name\":\"Home\",\"item\":\"https:\/\/sikom.de\/en\/\"},{\"@type\":\"ListItem\",\"position\":2,\"name\":\"Imprint\"}]},{\"@type\":\"WebSite\",\"@id\":\"https:\/\/sikom.de\/en\/#website\",\"url\":\"https:\/\/sikom.de\/en\/\",\"name\":\"Sikom Software GmbH\",\"description\":\"Sikom \u2013 seit 25 Jahren einer der f\u00fchrenden Anbieter f\u00fcr Contact Center Systeme. Wir bieten unsere L\u00f6sung on-prem, als Hybrid- oder reine Cloudl\u00f6sung und entwickeln diese permanent weiter.\",\"potentialAction\":[{\"@type\":\"SearchAction\",\"target\":{\"@type\":\"EntryPoint\",\"urlTemplate\":\"https:\/\/sikom.de\/en\/?s={search_term_string}\"},\"query-input\":{\"@type\":\"PropertyValueSpecification\",\"valueRequired\":true,\"valueName\":\"search_term_string\"}}],\"inLanguage\":\"de\"}]}<\/script>\n<!-- \/ Yoast SEO plugin. -->","yoast_head_json":{"title":"Imprint - Sikom Software GmbH","description":"Imprint and disclaimer (liability for contents, liability for links, copyright and data protection for the Sikom Software homepage)","robots":{"index":"index","follow":"follow","max-snippet":"max-snippet:-1","max-image-preview":"max-image-preview:large","max-video-preview":"max-video-preview:-1"},"canonical":"https:\/\/sikom.de\/en\/imprint\/","og_locale":"en_US","og_type":"article","og_title":"Imprint - Sikom Software GmbH","og_description":"Imprint and disclaimer (liability for contents, liability for links, copyright and data protection for the Sikom Software homepage)","og_url":"https:\/\/sikom.de\/en\/imprint\/","og_site_name":"Sikom Software GmbH","article_modified_time":"2022-10-19T12:14:26+00:00","twitter_card":"summary_large_image","twitter_misc":{"Gesch\u00e4tzte Lesezeit":"3\u00a0Minuten"},"schema":{"@context":"https:\/\/schema.org","@graph":[{"@type":"WebPage","@id":"https:\/\/sikom.de\/en\/imprint\/","url":"https:\/\/sikom.de\/en\/imprint\/","name":"Imprint - Sikom Software GmbH","isPartOf":{"@id":"https:\/\/sikom.de\/en\/#website"},"datePublished":"2021-04-16T11:32:47+00:00","dateModified":"2022-10-19T12:14:26+00:00","description":"Imprint and disclaimer (liability for contents, liability for links, copyright and data protection for the Sikom Software homepage)","breadcrumb":{"@id":"https:\/\/sikom.de\/en\/imprint\/#breadcrumb"},"inLanguage":"de","potentialAction":[{"@type":"ReadAction","target":["https:\/\/sikom.de\/en\/imprint\/"]}]},{"@type":"BreadcrumbList","@id":"https:\/\/sikom.de\/en\/imprint\/#breadcrumb","itemListElement":[{"@type":"ListItem","position":1,"name":"Home","item":"https:\/\/sikom.de\/en\/"},{"@type":"ListItem","position":2,"name":"Imprint"}]},{"@type":"WebSite","@id":"https:\/\/sikom.de\/en\/#website","url":"https:\/\/sikom.de\/en\/","name":"Sikom Software GmbH","description":"Sikom \u2013 seit 25 Jahren einer der f\u00fchrenden Anbieter f\u00fcr Contact Center Systeme. Wir bieten unsere L\u00f6sung on-prem, als Hybrid- oder reine Cloudl\u00f6sung und entwickeln diese permanent weiter.","potentialAction":[{"@type":"SearchAction","target":{"@type":"EntryPoint","urlTemplate":"https:\/\/sikom.de\/en\/?s={search_term_string}"},"query-input":{"@type":"PropertyValueSpecification","valueRequired":true,"valueName":"search_term_string"}}],"inLanguage":"de"}]}},"_links":{"self":[{"href":"https:\/\/sikom.de\/en\/wp-json\/wp\/v2\/pages\/13270","targetHints":{"allow":["GET"]}}],"collection":[{"href":"https:\/\/sikom.de\/en\/wp-json\/wp\/v2\/pages"}],"about":[{"href":"https:\/\/sikom.de\/en\/wp-json\/wp\/v2\/types\/page"}],"author":[{"embeddable":true,"href":"https:\/\/sikom.de\/en\/wp-json\/wp\/v2\/users\/1"}],"replies":[{"embeddable":true,"href":"https:\/\/sikom.de\/en\/wp-json\/wp\/v2\/comments?post=13270"}],"version-history":[{"count":16,"href":"https:\/\/sikom.de\/en\/wp-json\/wp\/v2\/pages\/13270\/revisions"}],"predecessor-version":[{"id":13440,"href":"https:\/\/sikom.de\/en\/wp-json\/wp\/v2\/pages\/13270\/revisions\/13440"}],"wp:attachment":[{"href":"https:\/\/sikom.de\/en\/wp-json\/wp\/v2\/media?parent=13270"}],"curies":[{"name":"wp","href":"https:\/\/api.w.org\/{rel}","templated":true}]}}