{"id":13192,"date":"2021-07-21T08:08:43","date_gmt":"2021-07-21T06:08:43","guid":{"rendered":"https:\/\/sikom.de\/sikom-mitel\/"},"modified":"2022-08-08T11:26:21","modified_gmt":"2022-08-08T09:26:21","slug":"sikom-mitel","status":"publish","type":"page","link":"https:\/\/sikom.de\/en\/sikom-mitel\/","title":{"rendered":"Sikom &amp; Mitel"},"content":{"rendered":"<div class=\"wpb-content-wrapper\"><p>[vc_row][vc_column][vc_column_text]<strong>Sikom is certified as a Mitel Solutions Alliance (MSA) Developer Partner<\/strong>[\/vc_column_text][vc_column_text]Sikom AgentOne\u00ae has successfully passed the Mitel certification and is certified on the Mitel MiVoice MX-ONE communication system.<br \/>\nThis means our software can be safely connected to the Mitel PBX system. The result of the Mitel Certified Test (MCT) shows it.[\/vc_column_text][vc_single_image image=&#8220;12179&#8243; img_size=&#8220;full&#8220; onclick=&#8220;custom_link&#8220; img_link_target=&#8220;_blank&#8220; link=&#8220;https:%2F%2Fsikom.de%2Fwp-content%2Fuploads%2F2021%2F07%2FMCT-Sikom.pdf|&#8220;][\/vc_column][\/vc_row][vc_row][vc_column][vc_single_image image=&#8220;56&#8243; img_size=&#8220;full&#8220; onclick=&#8220;custom_link&#8220; img_link_target=&#8220;_blank&#8220; link=&#8220;http:%2F%2Fmitel.de%2F|&#8220;][\/vc_column][\/vc_row]<\/p>\n<\/div>","protected":false},"excerpt":{"rendered":"<p>[vc_row][vc_column][vc_column_text]Sikom is certified as a Mitel Solutions Alliance (MSA) Developer Partner[\/vc_column_text][vc_column_text]Sikom AgentOne\u00ae has successfully passed the Mitel certification and is certified on the Mitel MiVoice MX-ONE communication system. This means our software can be safely connected to the Mitel PBX system. The result of the Mitel Certified Test (MCT) shows it.[\/vc_column_text][vc_single_image image=&#8220;12179&#8243; img_size=&#8220;full&#8220; onclick=&#8220;custom_link&#8220; img_link_target=&#8220;_blank&#8220; [&hellip;]<\/p>\n","protected":false},"author":2,"featured_media":0,"parent":0,"menu_order":17,"comment_status":"closed","ping_status":"closed","template":"","meta":{"_acf_changed":false,"footnotes":""},"class_list":["post-13192","page","type-page","status-publish","hentry"],"acf":[],"yoast_head":"<!-- This site is optimized with the Yoast SEO plugin v26.7 - https:\/\/yoast.com\/wordpress\/plugins\/seo\/ -->\n<title>Sikom &amp; Mitel - Sikom Software GmbH<\/title>\n<meta name=\"description\" content=\"Sikom AgentOne\u00ae has successfully passed the Mitel certification and is certified on the Mitel MiVoice MX-ONE communication system.\" \/>\n<meta name=\"robots\" content=\"index, follow, max-snippet:-1, max-image-preview:large, max-video-preview:-1\" \/>\n<link rel=\"canonical\" href=\"https:\/\/sikom.de\/en\/sikom-mitel\/\" \/>\n<meta property=\"og:locale\" content=\"en_US\" \/>\n<meta property=\"og:type\" content=\"article\" \/>\n<meta property=\"og:title\" content=\"Sikom &amp; Mitel - Sikom Software GmbH\" \/>\n<meta property=\"og:description\" content=\"Sikom AgentOne\u00ae has successfully passed the Mitel certification and is certified on the Mitel MiVoice MX-ONE communication system.\" \/>\n<meta property=\"og:url\" content=\"https:\/\/sikom.de\/en\/sikom-mitel\/\" \/>\n<meta property=\"og:site_name\" content=\"Sikom Software GmbH\" \/>\n<meta property=\"article:modified_time\" content=\"2022-08-08T09:26:21+00:00\" \/>\n<meta name=\"twitter:card\" content=\"summary_large_image\" \/>\n<meta name=\"twitter:label1\" content=\"Gesch\u00e4tzte Lesezeit\" \/>\n\t<meta name=\"twitter:data1\" content=\"1\u00a0Minute\" \/>\n<script type=\"application\/ld+json\" class=\"yoast-schema-graph\">{\"@context\":\"https:\/\/schema.org\",\"@graph\":[{\"@type\":\"WebPage\",\"@id\":\"https:\/\/sikom.de\/en\/sikom-mitel\/\",\"url\":\"https:\/\/sikom.de\/en\/sikom-mitel\/\",\"name\":\"Sikom &amp; Mitel - Sikom Software GmbH\",\"isPartOf\":{\"@id\":\"https:\/\/sikom.de\/en\/#website\"},\"datePublished\":\"2021-07-21T06:08:43+00:00\",\"dateModified\":\"2022-08-08T09:26:21+00:00\",\"description\":\"Sikom AgentOne\u00ae has successfully passed the Mitel certification and is certified on the Mitel MiVoice MX-ONE communication system.\",\"breadcrumb\":{\"@id\":\"https:\/\/sikom.de\/en\/sikom-mitel\/#breadcrumb\"},\"inLanguage\":\"de\",\"potentialAction\":[{\"@type\":\"ReadAction\",\"target\":[\"https:\/\/sikom.de\/en\/sikom-mitel\/\"]}]},{\"@type\":\"BreadcrumbList\",\"@id\":\"https:\/\/sikom.de\/en\/sikom-mitel\/#breadcrumb\",\"itemListElement\":[{\"@type\":\"ListItem\",\"position\":1,\"name\":\"Home\",\"item\":\"https:\/\/sikom.de\/en\/\"},{\"@type\":\"ListItem\",\"position\":2,\"name\":\"Sikom &amp; Mitel\"}]},{\"@type\":\"WebSite\",\"@id\":\"https:\/\/sikom.de\/en\/#website\",\"url\":\"https:\/\/sikom.de\/en\/\",\"name\":\"Sikom Software GmbH\",\"description\":\"Sikom \u2013 seit 25 Jahren einer der f\u00fchrenden Anbieter f\u00fcr Contact Center Systeme. Wir bieten unsere L\u00f6sung on-prem, als Hybrid- oder reine Cloudl\u00f6sung und entwickeln diese permanent weiter.\",\"potentialAction\":[{\"@type\":\"SearchAction\",\"target\":{\"@type\":\"EntryPoint\",\"urlTemplate\":\"https:\/\/sikom.de\/en\/?s={search_term_string}\"},\"query-input\":{\"@type\":\"PropertyValueSpecification\",\"valueRequired\":true,\"valueName\":\"search_term_string\"}}],\"inLanguage\":\"de\"}]}<\/script>\n<!-- \/ Yoast SEO plugin. -->","yoast_head_json":{"title":"Sikom &amp; Mitel - Sikom Software GmbH","description":"Sikom AgentOne\u00ae has successfully passed the Mitel certification and is certified on the Mitel MiVoice MX-ONE communication system.","robots":{"index":"index","follow":"follow","max-snippet":"max-snippet:-1","max-image-preview":"max-image-preview:large","max-video-preview":"max-video-preview:-1"},"canonical":"https:\/\/sikom.de\/en\/sikom-mitel\/","og_locale":"en_US","og_type":"article","og_title":"Sikom &amp; Mitel - Sikom Software GmbH","og_description":"Sikom AgentOne\u00ae has successfully passed the Mitel certification and is certified on the Mitel MiVoice MX-ONE communication system.","og_url":"https:\/\/sikom.de\/en\/sikom-mitel\/","og_site_name":"Sikom Software GmbH","article_modified_time":"2022-08-08T09:26:21+00:00","twitter_card":"summary_large_image","twitter_misc":{"Gesch\u00e4tzte Lesezeit":"1\u00a0Minute"},"schema":{"@context":"https:\/\/schema.org","@graph":[{"@type":"WebPage","@id":"https:\/\/sikom.de\/en\/sikom-mitel\/","url":"https:\/\/sikom.de\/en\/sikom-mitel\/","name":"Sikom &amp; Mitel - Sikom Software GmbH","isPartOf":{"@id":"https:\/\/sikom.de\/en\/#website"},"datePublished":"2021-07-21T06:08:43+00:00","dateModified":"2022-08-08T09:26:21+00:00","description":"Sikom AgentOne\u00ae has successfully passed the Mitel certification and is certified on the Mitel MiVoice MX-ONE communication system.","breadcrumb":{"@id":"https:\/\/sikom.de\/en\/sikom-mitel\/#breadcrumb"},"inLanguage":"de","potentialAction":[{"@type":"ReadAction","target":["https:\/\/sikom.de\/en\/sikom-mitel\/"]}]},{"@type":"BreadcrumbList","@id":"https:\/\/sikom.de\/en\/sikom-mitel\/#breadcrumb","itemListElement":[{"@type":"ListItem","position":1,"name":"Home","item":"https:\/\/sikom.de\/en\/"},{"@type":"ListItem","position":2,"name":"Sikom &amp; Mitel"}]},{"@type":"WebSite","@id":"https:\/\/sikom.de\/en\/#website","url":"https:\/\/sikom.de\/en\/","name":"Sikom Software GmbH","description":"Sikom \u2013 seit 25 Jahren einer der f\u00fchrenden Anbieter f\u00fcr Contact Center Systeme. Wir bieten unsere L\u00f6sung on-prem, als Hybrid- oder reine Cloudl\u00f6sung und entwickeln diese permanent weiter.","potentialAction":[{"@type":"SearchAction","target":{"@type":"EntryPoint","urlTemplate":"https:\/\/sikom.de\/en\/?s={search_term_string}"},"query-input":{"@type":"PropertyValueSpecification","valueRequired":true,"valueName":"search_term_string"}}],"inLanguage":"de"}]}},"_links":{"self":[{"href":"https:\/\/sikom.de\/en\/wp-json\/wp\/v2\/pages\/13192","targetHints":{"allow":["GET"]}}],"collection":[{"href":"https:\/\/sikom.de\/en\/wp-json\/wp\/v2\/pages"}],"about":[{"href":"https:\/\/sikom.de\/en\/wp-json\/wp\/v2\/types\/page"}],"author":[{"embeddable":true,"href":"https:\/\/sikom.de\/en\/wp-json\/wp\/v2\/users\/2"}],"replies":[{"embeddable":true,"href":"https:\/\/sikom.de\/en\/wp-json\/wp\/v2\/comments?post=13192"}],"version-history":[{"count":8,"href":"https:\/\/sikom.de\/en\/wp-json\/wp\/v2\/pages\/13192\/revisions"}],"predecessor-version":[{"id":13200,"href":"https:\/\/sikom.de\/en\/wp-json\/wp\/v2\/pages\/13192\/revisions\/13200"}],"wp:attachment":[{"href":"https:\/\/sikom.de\/en\/wp-json\/wp\/v2\/media?parent=13192"}],"curies":[{"name":"wp","href":"https:\/\/api.w.org\/{rel}","templated":true}]}}