{"id":13185,"date":"2021-02-08T08:20:39","date_gmt":"2021-02-08T07:20:39","guid":{"rendered":"https:\/\/sikom.de\/company\/career\/"},"modified":"2022-11-02T08:42:24","modified_gmt":"2022-11-02T07:42:24","slug":"career","status":"publish","type":"page","link":"https:\/\/sikom.de\/en\/company\/career\/","title":{"rendered":"Career"},"content":{"rendered":"<div class=\"wpb-content-wrapper\"><p>[vc_row full_width=&#8220;stretch_row&#8220; el_class=&#8220;section-gray&#8220;][vc_column][vc_column_text]<\/p>\n<h1>Sikom<\/h1>\n<h3 class=\"subline\">Get things moving with Sikom<\/h3>\n<p>Become part of a dynamic, innovative company. Help shape the future.[\/vc_column_text][vc_btn title=&#8220;Click here for the Sikom\u2019s profile&#8220; color=&#8220;danger&#8220; link=&#8220;url:https%3A%2F%2Fsikom.de%2Fen%2Fcompany%2Fsikom-profile%2F|&#8220;][\/vc_column][\/vc_row][vc_row full_width=&#8220;stretch_row&#8220; el_class=&#8220;main-content&#8220;][vc_column][vc_column_text css_animation=&#8220;bounceInLeft&#8220;]<\/p>\n<h1>Get to know our team<\/h1>\n<h3 class=\"subline\">WHO works at Sikom and WHAT is it like to work here? Colleagues give some insights.<\/h3>\n<p>[\/vc_column_text][vc_row_inner][vc_column_inner width=&#8220;1\/3&#8243;][vc_column_text]<\/p>\n<div style=\"width: 1080px;\" class=\"wp-video\"><video class=\"wp-video-shortcode\" id=\"video-13185-1\" width=\"1080\" height=\"1080\" poster=\"https:\/\/sikom.de\/wp-content\/uploads\/2022\/02\/sikom-video_Lukas.png\" preload=\"metadata\" controls=\"controls\"><source type=\"video\/mp4\" src=\"https:\/\/sikom.de\/wp-content\/uploads\/2022\/02\/2022_01_31_Lukas.mp4?_=1\" \/><a href=\"https:\/\/sikom.de\/wp-content\/uploads\/2022\/02\/2022_01_31_Lukas.mp4\">https:\/\/sikom.de\/wp-content\/uploads\/2022\/02\/2022_01_31_Lukas.mp4<\/a><\/video><\/div>\n<p>[\/vc_column_text][\/vc_column_inner][vc_column_inner width=&#8220;1\/3&#8243;][vc_column_text]<\/p>\n<div style=\"width: 1080px;\" class=\"wp-video\"><video class=\"wp-video-shortcode\" id=\"video-13185-2\" width=\"1080\" height=\"1080\" poster=\"https:\/\/sikom.de\/wp-content\/uploads\/2022\/02\/sikom-video_Jan.png\" preload=\"metadata\" controls=\"controls\"><source type=\"video\/mp4\" src=\"https:\/\/sikom.de\/wp-content\/uploads\/2022\/02\/2022_01_31_Jan.mp4?_=2\" \/><a href=\"https:\/\/sikom.de\/wp-content\/uploads\/2022\/02\/2022_01_31_Jan.mp4\">https:\/\/sikom.de\/wp-content\/uploads\/2022\/02\/2022_01_31_Jan.mp4<\/a><\/video><\/div>\n<p>[\/vc_column_text][\/vc_column_inner][vc_column_inner width=&#8220;1\/3&#8243;][vc_column_text]<\/p>\n<div style=\"width: 1080px;\" class=\"wp-video\"><video class=\"wp-video-shortcode\" id=\"video-13185-3\" width=\"1080\" height=\"1080\" poster=\"https:\/\/sikom.de\/wp-content\/uploads\/2022\/02\/sikom-video_Aaron.png\" preload=\"metadata\" controls=\"controls\"><source type=\"video\/mp4\" src=\"https:\/\/sikom.de\/wp-content\/uploads\/2022\/02\/2022_01_31_Aaron.mp4?_=3\" \/><a href=\"https:\/\/sikom.de\/wp-content\/uploads\/2022\/02\/2022_01_31_Aaron.mp4\">https:\/\/sikom.de\/wp-content\/uploads\/2022\/02\/2022_01_31_Aaron.mp4<\/a><\/video><\/div>\n<p>[\/vc_column_text][\/vc_column_inner][\/vc_row_inner][\/vc_column][\/vc_row][vc_row full_width=&#8220;stretch_row&#8220; el_class=&#8220;main-content even&#8220;][vc_column][vc_column_text css_animation=&#8220;bounceInLeft&#8220;]<\/p>\n<h1>Why Sikom?<\/h1>\n<h3 class=\"subline\">We know that if you feel comfortable, you can give your best. That&#8217;s why we offer benefits for wallet, heart and soul.<\/h3>\n<p>&nbsp;<\/p>\n<ul class=\"special\">\n<li>Further training &#8211; professional and personal development is supported by individual training offers<\/li>\n<li>Flexible working in the office or mobile, for a good work-life balance<\/li>\n<li>Sustainability and environmental awareness <a class=\"btn btn-list\" href=\"https:\/\/sikom.de\/en\/company\/sustainability-and-security\/\">Find out more<\/a><\/li>\n<li>Employee events<\/li>\n<li>Fair pay<\/li>\n<li>Company pension scheme &amp; 13 monthly salaries<\/li>\n<li>Childcare allowance<\/li>\n<li>Company car or BahnCard (depending on function and travel)<\/li>\n<li>Free drinks &#8211; water and coffee are available free of charge at our locations<\/li>\n<\/ul>\n<p>[\/vc_column_text][\/vc_column][\/vc_row][vc_row full_width=&#8220;stretch_row&#8220; el_class=&#8220;dropdown-section&#8220;][vc_column][vc_column_text]<\/p>\n<h1>This is important to us<\/h1>\n<h3 class=\"subline\">Our team-developed communication principles describe the way we want to work together at Sikom. Four themes are central to this:<\/h3>\n<p>[\/vc_column_text][vc_btn title=&#8220;Find out more&#8220; color=&#8220;danger&#8220; el_class=&#8220;dropdown-trigger&#8220;][vc_row_inner el_class=&#8220;readmore-text&#8220;][vc_column_inner][vc_column_text]<\/p>\n<h5>Tasks<\/h5>\n<ul>\n<li>For tasks, we set priorities and time frames and communicate those clearly.<\/li>\n<li>Once finished, we report tasks as completed.<\/li>\n<\/ul>\n<h5>Interpersonal contact<\/h5>\n<ul>\n<li>We think about the appopriate communication channel in advance. Not every colleague can always be reached by phone or chat, or is constantly reading their emails. The choice of the communication channel is adapted to the reason for communication.<\/li>\n<\/ul>\n<h5>Appreciation<\/h5>\n<ul>\n<li>Consideration and helpfulness are a matter of course for us in our daily dealings with each other. This also means that support is offered beyond one&#8217;s own area of responsibility. We have an open ear for questions and issues. Everyone is allowed to ask questions and should be listened to.<\/li>\n<li>We believe in mutual respect. Every employee, every job and every customer is valuable.<\/li>\n<li>That is why we treat each other with respect.<\/li>\n<\/ul>\n<h5>Good News<\/h5>\n<ul>\n<li>We praise.<\/li>\n<li>We mention overall and individual successes.<\/li>\n<\/ul>\n<p>[\/vc_column_text][\/vc_column_inner][\/vc_row_inner][\/vc_column][\/vc_row][vc_row full_width=&#8220;stretch_row&#8220; el_class=&#8220;dropdown-section section-white&#8220;][vc_column][vc_column_text]<\/p>\n<h1>School and university students<\/h1>\n<h3 class=\"subline\">To be in touch as early as possible &#8211; &#8222;win-win&#8220; for both sides:<\/h3>\n<p>[\/vc_column_text][vc_btn title=&#8220;Find out more&#8220; color=&#8220;danger&#8220; el_class=&#8220;dropdown-trigger&#8220;][vc_row_inner el_class=&#8220;readmore-text&#8220;][vc_column_inner width=&#8220;1\/2&#8243;][vc_single_image image=&#8220;405&#8243; img_size=&#8220;full&#8220;][\/vc_column_inner][vc_column_inner width=&#8220;1\/2&#8243;][vc_column_text]<strong>We are an IHK training company. <\/strong><br \/>\nSince 2019, we have been training IT specialists at our development site in Zwickau.<\/p>\n<p>In the three-year apprenticeship there are different specialisations:<\/p>\n<p><strong>IT specialists for system integration <\/strong><br \/>\nset up and manage networks, servers, databases and operating systems.<\/p>\n<p><strong>IT specialists for application development<\/strong><br \/>\ndevelop programmes, optimise and test them.<\/p>\n<p>At the vocational school (<a href=\"http:\/\/www.bsz-eoplauen.de\/3\/aktuell\/start_news.php\">BSZ e.o. Plauen<\/a>) you will deepen your knowledge in the subjects of information technology systems, software application and development as well as economics and business studies.[\/vc_column_text][\/vc_column_inner][\/vc_row_inner][vc_row_inner el_class=&#8220;readmore-text&#8220;][vc_column_inner][vc_column_text]<strong>BA-Sachsen: <\/strong><br \/>\nWe are a partner of BA Sachsen.<\/p>\n<p>The dual system with alternating theoretical and pracical phases combines a course of study with practical training in a company.<\/p>\n<p>During their studies, students learn the theoretical and practical basics of computer science.<\/p>\n<p>They deal with software development, databases and computer networks.<\/p>\n<p>Further information is available <a href=\"https:\/\/www.ba-sachsen.de\/\">here<\/a>.[\/vc_column_text][\/vc_column_inner][\/vc_row_inner][\/vc_column][\/vc_row][vc_row full_width=&#8220;stretch_row&#8220; el_class=&#8220;dropdown-section&#8220;][vc_column][vc_column_text]<\/p>\n<h1>Newcomers and experienced professionals<\/h1>\n<h3 class=\"subline\">Whether you have just completed your training or studies or already have several years of professional experience, we are sure to will find a position at Sikom that suits you.<\/h3>\n<p>[\/vc_column_text][vc_btn title=&#8220;Find out more&#8220; color=&#8220;danger&#8220; el_class=&#8220;dropdown-trigger&#8220;][vc_row_inner el_class=&#8220;readmore-text&#8220;][vc_column_inner][vc_column_text]You can join us in the following areas:<\/p>\n<ul class=\"special\">\n<li>Software development<\/li>\n<li>Customer service<\/li>\n<li>Project and product management<\/li>\n<li>Sales \/ Inside Sales<\/li>\n<li>Organisation (Administration)<\/li>\n<\/ul>\n<p>[\/vc_column_text][\/vc_column_inner][\/vc_row_inner][\/vc_column][\/vc_row]<\/p>\n<\/div>","protected":false},"excerpt":{"rendered":"<p>[vc_row full_width=&#8220;stretch_row&#8220; el_class=&#8220;section-gray&#8220;][vc_column][vc_column_text] Sikom Get things moving with Sikom Become part of a dynamic, innovative company. Help shape the future.[\/vc_column_text][vc_btn title=&#8220;Click here for the Sikom\u2019s profile&#8220; color=&#8220;danger&#8220; link=&#8220;url:https%3A%2F%2Fsikom.de%2Fen%2Fcompany%2Fsikom-profile%2F|&#8220;][\/vc_column][\/vc_row][vc_row full_width=&#8220;stretch_row&#8220; el_class=&#8220;main-content&#8220;][vc_column][vc_column_text css_animation=&#8220;bounceInLeft&#8220;] Get to know our team WHO works at Sikom and WHAT is it like to work here? Colleagues give some insights. [\/vc_column_text][vc_row_inner][vc_column_inner width=&#8220;1\/3&#8243;][vc_column_text] [\/vc_column_text][\/vc_column_inner][vc_column_inner [&hellip;]<\/p>\n","protected":false},"author":1,"featured_media":0,"parent":12927,"menu_order":43,"comment_status":"closed","ping_status":"closed","template":"","meta":{"_acf_changed":false,"footnotes":""},"class_list":["post-13185","page","type-page","status-publish","hentry"],"acf":[],"yoast_head":"<!-- This site is optimized with the Yoast SEO plugin v26.7 - https:\/\/yoast.com\/wordpress\/plugins\/seo\/ -->\n<title>Career - Sikom Software GmbH<\/title>\n<meta name=\"description\" content=\"Open positions at Sikom Software - Why Sikom - Information about the team - Application process - Training and career changers\" \/>\n<meta name=\"robots\" content=\"index, follow, max-snippet:-1, max-image-preview:large, max-video-preview:-1\" \/>\n<link rel=\"canonical\" href=\"https:\/\/sikom.de\/en\/company\/career\/\" \/>\n<meta property=\"og:locale\" content=\"en_US\" \/>\n<meta property=\"og:type\" content=\"article\" \/>\n<meta property=\"og:title\" content=\"Career - Sikom Software GmbH\" \/>\n<meta property=\"og:description\" content=\"Open positions at Sikom Software - Why Sikom - Information about the team - Application process - Training and career changers\" \/>\n<meta property=\"og:url\" content=\"https:\/\/sikom.de\/en\/company\/career\/\" \/>\n<meta property=\"og:site_name\" content=\"Sikom Software GmbH\" \/>\n<meta property=\"article:modified_time\" content=\"2022-11-02T07:42:24+00:00\" \/>\n<meta name=\"twitter:card\" content=\"summary_large_image\" \/>\n<meta name=\"twitter:label1\" content=\"Gesch\u00e4tzte Lesezeit\" \/>\n\t<meta name=\"twitter:data1\" content=\"4\u00a0Minuten\" \/>\n<script type=\"application\/ld+json\" class=\"yoast-schema-graph\">{\"@context\":\"https:\/\/schema.org\",\"@graph\":[{\"@type\":\"WebPage\",\"@id\":\"https:\/\/sikom.de\/en\/company\/career\/\",\"url\":\"https:\/\/sikom.de\/en\/company\/career\/\",\"name\":\"Career - Sikom Software GmbH\",\"isPartOf\":{\"@id\":\"https:\/\/sikom.de\/en\/#website\"},\"datePublished\":\"2021-02-08T07:20:39+00:00\",\"dateModified\":\"2022-11-02T07:42:24+00:00\",\"description\":\"Open positions at Sikom Software - Why Sikom - Information about the team - Application process - Training and career changers\",\"breadcrumb\":{\"@id\":\"https:\/\/sikom.de\/en\/company\/career\/#breadcrumb\"},\"inLanguage\":\"de\",\"potentialAction\":[{\"@type\":\"ReadAction\",\"target\":[\"https:\/\/sikom.de\/en\/company\/career\/\"]}]},{\"@type\":\"BreadcrumbList\",\"@id\":\"https:\/\/sikom.de\/en\/company\/career\/#breadcrumb\",\"itemListElement\":[{\"@type\":\"ListItem\",\"position\":1,\"name\":\"Home\",\"item\":\"https:\/\/sikom.de\/en\/\"},{\"@type\":\"ListItem\",\"position\":2,\"name\":\"Company\",\"item\":\"https:\/\/sikom.de\/en\/company\/\"},{\"@type\":\"ListItem\",\"position\":3,\"name\":\"Career\"}]},{\"@type\":\"WebSite\",\"@id\":\"https:\/\/sikom.de\/en\/#website\",\"url\":\"https:\/\/sikom.de\/en\/\",\"name\":\"Sikom Software GmbH\",\"description\":\"Sikom \u2013 seit 25 Jahren einer der f\u00fchrenden Anbieter f\u00fcr Contact Center Systeme. Wir bieten unsere L\u00f6sung on-prem, als Hybrid- oder reine Cloudl\u00f6sung und entwickeln diese permanent weiter.\",\"potentialAction\":[{\"@type\":\"SearchAction\",\"target\":{\"@type\":\"EntryPoint\",\"urlTemplate\":\"https:\/\/sikom.de\/en\/?s={search_term_string}\"},\"query-input\":{\"@type\":\"PropertyValueSpecification\",\"valueRequired\":true,\"valueName\":\"search_term_string\"}}],\"inLanguage\":\"de\"}]}<\/script>\n<!-- \/ Yoast SEO plugin. -->","yoast_head_json":{"title":"Career - Sikom Software GmbH","description":"Open positions at Sikom Software - Why Sikom - Information about the team - Application process - Training and career changers","robots":{"index":"index","follow":"follow","max-snippet":"max-snippet:-1","max-image-preview":"max-image-preview:large","max-video-preview":"max-video-preview:-1"},"canonical":"https:\/\/sikom.de\/en\/company\/career\/","og_locale":"en_US","og_type":"article","og_title":"Career - Sikom Software GmbH","og_description":"Open positions at Sikom Software - Why Sikom - Information about the team - Application process - Training and career changers","og_url":"https:\/\/sikom.de\/en\/company\/career\/","og_site_name":"Sikom Software GmbH","article_modified_time":"2022-11-02T07:42:24+00:00","twitter_card":"summary_large_image","twitter_misc":{"Gesch\u00e4tzte Lesezeit":"4\u00a0Minuten"},"schema":{"@context":"https:\/\/schema.org","@graph":[{"@type":"WebPage","@id":"https:\/\/sikom.de\/en\/company\/career\/","url":"https:\/\/sikom.de\/en\/company\/career\/","name":"Career - Sikom Software GmbH","isPartOf":{"@id":"https:\/\/sikom.de\/en\/#website"},"datePublished":"2021-02-08T07:20:39+00:00","dateModified":"2022-11-02T07:42:24+00:00","description":"Open positions at Sikom Software - Why Sikom - Information about the team - Application process - Training and career changers","breadcrumb":{"@id":"https:\/\/sikom.de\/en\/company\/career\/#breadcrumb"},"inLanguage":"de","potentialAction":[{"@type":"ReadAction","target":["https:\/\/sikom.de\/en\/company\/career\/"]}]},{"@type":"BreadcrumbList","@id":"https:\/\/sikom.de\/en\/company\/career\/#breadcrumb","itemListElement":[{"@type":"ListItem","position":1,"name":"Home","item":"https:\/\/sikom.de\/en\/"},{"@type":"ListItem","position":2,"name":"Company","item":"https:\/\/sikom.de\/en\/company\/"},{"@type":"ListItem","position":3,"name":"Career"}]},{"@type":"WebSite","@id":"https:\/\/sikom.de\/en\/#website","url":"https:\/\/sikom.de\/en\/","name":"Sikom Software GmbH","description":"Sikom \u2013 seit 25 Jahren einer der f\u00fchrenden Anbieter f\u00fcr Contact Center Systeme. Wir bieten unsere L\u00f6sung on-prem, als Hybrid- oder reine Cloudl\u00f6sung und entwickeln diese permanent weiter.","potentialAction":[{"@type":"SearchAction","target":{"@type":"EntryPoint","urlTemplate":"https:\/\/sikom.de\/en\/?s={search_term_string}"},"query-input":{"@type":"PropertyValueSpecification","valueRequired":true,"valueName":"search_term_string"}}],"inLanguage":"de"}]}},"_links":{"self":[{"href":"https:\/\/sikom.de\/en\/wp-json\/wp\/v2\/pages\/13185","targetHints":{"allow":["GET"]}}],"collection":[{"href":"https:\/\/sikom.de\/en\/wp-json\/wp\/v2\/pages"}],"about":[{"href":"https:\/\/sikom.de\/en\/wp-json\/wp\/v2\/types\/page"}],"author":[{"embeddable":true,"href":"https:\/\/sikom.de\/en\/wp-json\/wp\/v2\/users\/1"}],"replies":[{"embeddable":true,"href":"https:\/\/sikom.de\/en\/wp-json\/wp\/v2\/comments?post=13185"}],"version-history":[{"count":7,"href":"https:\/\/sikom.de\/en\/wp-json\/wp\/v2\/pages\/13185\/revisions"}],"predecessor-version":[{"id":13455,"href":"https:\/\/sikom.de\/en\/wp-json\/wp\/v2\/pages\/13185\/revisions\/13455"}],"up":[{"embeddable":true,"href":"https:\/\/sikom.de\/en\/wp-json\/wp\/v2\/pages\/12927"}],"wp:attachment":[{"href":"https:\/\/sikom.de\/en\/wp-json\/wp\/v2\/media?parent=13185"}],"curies":[{"name":"wp","href":"https:\/\/api.w.org\/{rel}","templated":true}]}}