{"id":13174,"date":"2021-07-20T14:41:48","date_gmt":"2021-07-20T12:41:48","guid":{"rendered":"https:\/\/sikom.de\/sikom-serviceocean\/"},"modified":"2022-08-05T12:48:31","modified_gmt":"2022-08-05T10:48:31","slug":"sikom-serviceocean","status":"publish","type":"page","link":"https:\/\/sikom.de\/en\/sikom-serviceocean\/","title":{"rendered":"Sikom &amp; ServiceOcean"},"content":{"rendered":"<div class=\"wpb-content-wrapper\"><p>[vc_row][vc_column][vc_column_text]<strong>Permanent availability through intelligent call-back management: We call it &#8222;smart queue&#8220;<\/strong><\/p>\n<p>Excellent customer service is the be-all and end-all for any company. The most urgent customer need here: excellent accessibility.<\/p>\n<p><a href=\"https:\/\/www.serviceocean.com\/\" target=\"_blank\" rel=\"noopener\">ServiceOcean AG<\/a> from Switzerland is the software house in the German-speaking region for intelligent callback management.<\/p>\n<p><strong class=\"big\">25%<\/strong> better availability for incoming customer calls &#8211; ServiceOcean&#8217;s intelligent appointment booking makes it possible. Gone are long queues.<\/p>\n<p><strong class=\"big\">30%<\/strong> better customer availability for callbacks, because automated appointment invitations provide the necessary attention.<\/p>\n<p><strong class=\"big\">\u221e times<\/strong> better when ServiceOcean is integrated into Sikom AgentOne\u00ae as a contact center solution for the service units and digital sales. smart queue is a combination of appointment callback and virtual waiting room.[\/vc_column_text][vc_column_text]<\/p>\n<h2>Your advantages:<\/h2>\n<h6>Inbound telephony<\/h6>\n<ul class=\"square\">\n<li>No long queues thanks to the combination of appointment callback and virtual waiting function<\/li>\n<li>Appointments met to the minute<\/li>\n<li>No IT interface and no change in routing necessary<\/li>\n<\/ul>\n<h6>Outbound telephony<\/h6>\n<ul class=\"square\">\n<li>Preparation of outgoing calls through automatic appointment invitations incl. time and topic<\/li>\n<li>Increase in call quality<\/li>\n<li>Up to 30 percent more contacts<\/li>\n<li>Up to 20 per cent cost savings<\/li>\n<\/ul>\n<h2><strong>Result:<\/strong><\/h2>\n<ul class=\"square\">\n<li>Significantly increased accessibility<\/li>\n<li>No additional employees<\/li>\n<li>Best key figures<\/li>\n<li>Enthusiastic callers<\/li>\n<\/ul>\n<p>[\/vc_column_text][vc_separator][vc_column_text]<\/p>\n<h2>Sikom and ServiceOcean &#8211; a strong partnership<\/h2>\n<p>We have been working together successfully on customer projects for years. Our proven cooperation offers innovations and well-established project management with a central contact person. Many clients already benefit from the use of both solutions. Both systems also work without an IT interface and thus offer rapid expansion.[\/vc_column_text][vc_row_inner][vc_column_inner width=&#8220;1\/4&#8243;][vc_single_image image=&#8220;12171&#8243; img_size=&#8220;full&#8220;][\/vc_column_inner][vc_column_inner width=&#8220;1\/4&#8243;][vc_column_text]<strong>Dr. Alexander Schagen, Managing Director ServiceOcean<\/strong><\/p>\n<p><em>&#8222;Perfect accessibility in inbound and outbound telephony!<\/em><\/p>\n<p><em>Through the close partnership with Sikom and the integration of our solution into AgentOne<sup>\u00ae<\/sup> we offer customers this special added value.&#8220;<\/em>[\/vc_column_text][\/vc_column_inner][vc_column_inner width=&#8220;1\/4&#8243;][vc_single_image image=&#8220;12172&#8243; img_size=&#8220;full&#8220;][\/vc_column_inner][vc_column_inner width=&#8220;1\/4&#8243;][vc_column_text]<strong>Natascha Hoffmeister, Managing Director Sikom Software<\/strong><\/p>\n<p><em>&#8222;We are united by the passion to find the best possible customer solutions and the willingness to make our own solution even better through cooperation.<\/em><\/p>\n<p><em>ServiceOcean&#8217;s professional solution complements our omnichannel routing engine AgentOne\u00ae in a targeted way &#8211; and has done so in a great way for many years.&#8220;<\/em>[\/vc_column_text][\/vc_column_inner][\/vc_row_inner][vc_separator][vc_column_text]<\/p>\n<h2>Shared customers<\/h2>\n<p>[\/vc_column_text][vc_row_inner css=&#8220;.vc_custom_1626785324981{margin-top: 0px !important;}&#8220;][vc_column_inner width=&#8220;1\/4&#8243;][vc_single_image image=&#8220;12852&#8243; img_size=&#8220;full&#8220;][\/vc_column_inner][vc_column_inner width=&#8220;1\/4&#8243;][vc_single_image image=&#8220;12858&#8243; img_size=&#8220;full&#8220;][\/vc_column_inner][vc_column_inner width=&#8220;1\/4&#8243;][vc_single_image image=&#8220;12193&#8243; img_size=&#8220;full&#8220;][\/vc_column_inner][vc_column_inner width=&#8220;1\/4&#8243;][vc_single_image image=&#8220;12856&#8243; img_size=&#8220;full&#8220;][\/vc_column_inner][\/vc_row_inner][\/vc_column][\/vc_row]<\/p>\n<\/div>","protected":false},"excerpt":{"rendered":"<p>[vc_row][vc_column][vc_column_text]Permanent availability through intelligent call-back management: We call it &#8222;smart queue&#8220; Excellent customer service is the be-all and end-all for any company. The most urgent customer need here: excellent accessibility. ServiceOcean AG from Switzerland is the software house in the German-speaking region for intelligent callback management. 25% better availability for incoming customer calls &#8211; ServiceOcean&#8217;s [&hellip;]<\/p>\n","protected":false},"author":2,"featured_media":0,"parent":0,"menu_order":18,"comment_status":"closed","ping_status":"closed","template":"","meta":{"_acf_changed":false,"footnotes":""},"class_list":["post-13174","page","type-page","status-publish","hentry"],"acf":[],"yoast_head":"<!-- This site is optimized with the Yoast SEO plugin v26.7 - https:\/\/yoast.com\/wordpress\/plugins\/seo\/ -->\n<title>Sikom &amp; ServiceOcean - Sikom Software GmbH<\/title>\n<meta name=\"description\" content=\"Excellent customer service thanks to permanent availability through intelligent call-back management. Integration makes it possible.\" \/>\n<meta name=\"robots\" content=\"index, follow, max-snippet:-1, max-image-preview:large, max-video-preview:-1\" \/>\n<link rel=\"canonical\" href=\"https:\/\/sikom.de\/en\/sikom-serviceocean\/\" \/>\n<meta property=\"og:locale\" content=\"en_US\" \/>\n<meta property=\"og:type\" content=\"article\" \/>\n<meta property=\"og:title\" content=\"Sikom &amp; ServiceOcean - Sikom Software GmbH\" \/>\n<meta property=\"og:description\" content=\"Excellent customer service thanks to permanent availability through intelligent call-back management. Integration makes it possible.\" \/>\n<meta property=\"og:url\" content=\"https:\/\/sikom.de\/en\/sikom-serviceocean\/\" \/>\n<meta property=\"og:site_name\" content=\"Sikom Software GmbH\" \/>\n<meta property=\"article:modified_time\" content=\"2022-08-05T10:48:31+00:00\" \/>\n<meta name=\"twitter:card\" content=\"summary_large_image\" \/>\n<meta name=\"twitter:label1\" content=\"Gesch\u00e4tzte Lesezeit\" \/>\n\t<meta name=\"twitter:data1\" content=\"2\u00a0Minuten\" \/>\n<script type=\"application\/ld+json\" class=\"yoast-schema-graph\">{\"@context\":\"https:\/\/schema.org\",\"@graph\":[{\"@type\":\"WebPage\",\"@id\":\"https:\/\/sikom.de\/en\/sikom-serviceocean\/\",\"url\":\"https:\/\/sikom.de\/en\/sikom-serviceocean\/\",\"name\":\"Sikom &amp; ServiceOcean - Sikom Software GmbH\",\"isPartOf\":{\"@id\":\"https:\/\/sikom.de\/en\/#website\"},\"datePublished\":\"2021-07-20T12:41:48+00:00\",\"dateModified\":\"2022-08-05T10:48:31+00:00\",\"description\":\"Excellent customer service thanks to permanent availability through intelligent call-back management. Integration makes it possible.\",\"breadcrumb\":{\"@id\":\"https:\/\/sikom.de\/en\/sikom-serviceocean\/#breadcrumb\"},\"inLanguage\":\"de\",\"potentialAction\":[{\"@type\":\"ReadAction\",\"target\":[\"https:\/\/sikom.de\/en\/sikom-serviceocean\/\"]}]},{\"@type\":\"BreadcrumbList\",\"@id\":\"https:\/\/sikom.de\/en\/sikom-serviceocean\/#breadcrumb\",\"itemListElement\":[{\"@type\":\"ListItem\",\"position\":1,\"name\":\"Home\",\"item\":\"https:\/\/sikom.de\/en\/\"},{\"@type\":\"ListItem\",\"position\":2,\"name\":\"Sikom &amp; ServiceOcean\"}]},{\"@type\":\"WebSite\",\"@id\":\"https:\/\/sikom.de\/en\/#website\",\"url\":\"https:\/\/sikom.de\/en\/\",\"name\":\"Sikom Software GmbH\",\"description\":\"Sikom \u2013 seit 25 Jahren einer der f\u00fchrenden Anbieter f\u00fcr Contact Center Systeme. Wir bieten unsere L\u00f6sung on-prem, als Hybrid- oder reine Cloudl\u00f6sung und entwickeln diese permanent weiter.\",\"potentialAction\":[{\"@type\":\"SearchAction\",\"target\":{\"@type\":\"EntryPoint\",\"urlTemplate\":\"https:\/\/sikom.de\/en\/?s={search_term_string}\"},\"query-input\":{\"@type\":\"PropertyValueSpecification\",\"valueRequired\":true,\"valueName\":\"search_term_string\"}}],\"inLanguage\":\"de\"}]}<\/script>\n<!-- \/ Yoast SEO plugin. -->","yoast_head_json":{"title":"Sikom &amp; ServiceOcean - Sikom Software GmbH","description":"Excellent customer service thanks to permanent availability through intelligent call-back management. Integration makes it possible.","robots":{"index":"index","follow":"follow","max-snippet":"max-snippet:-1","max-image-preview":"max-image-preview:large","max-video-preview":"max-video-preview:-1"},"canonical":"https:\/\/sikom.de\/en\/sikom-serviceocean\/","og_locale":"en_US","og_type":"article","og_title":"Sikom &amp; ServiceOcean - Sikom Software GmbH","og_description":"Excellent customer service thanks to permanent availability through intelligent call-back management. Integration makes it possible.","og_url":"https:\/\/sikom.de\/en\/sikom-serviceocean\/","og_site_name":"Sikom Software GmbH","article_modified_time":"2022-08-05T10:48:31+00:00","twitter_card":"summary_large_image","twitter_misc":{"Gesch\u00e4tzte Lesezeit":"2\u00a0Minuten"},"schema":{"@context":"https:\/\/schema.org","@graph":[{"@type":"WebPage","@id":"https:\/\/sikom.de\/en\/sikom-serviceocean\/","url":"https:\/\/sikom.de\/en\/sikom-serviceocean\/","name":"Sikom &amp; ServiceOcean - Sikom Software GmbH","isPartOf":{"@id":"https:\/\/sikom.de\/en\/#website"},"datePublished":"2021-07-20T12:41:48+00:00","dateModified":"2022-08-05T10:48:31+00:00","description":"Excellent customer service thanks to permanent availability through intelligent call-back management. Integration makes it possible.","breadcrumb":{"@id":"https:\/\/sikom.de\/en\/sikom-serviceocean\/#breadcrumb"},"inLanguage":"de","potentialAction":[{"@type":"ReadAction","target":["https:\/\/sikom.de\/en\/sikom-serviceocean\/"]}]},{"@type":"BreadcrumbList","@id":"https:\/\/sikom.de\/en\/sikom-serviceocean\/#breadcrumb","itemListElement":[{"@type":"ListItem","position":1,"name":"Home","item":"https:\/\/sikom.de\/en\/"},{"@type":"ListItem","position":2,"name":"Sikom &amp; ServiceOcean"}]},{"@type":"WebSite","@id":"https:\/\/sikom.de\/en\/#website","url":"https:\/\/sikom.de\/en\/","name":"Sikom Software GmbH","description":"Sikom \u2013 seit 25 Jahren einer der f\u00fchrenden Anbieter f\u00fcr Contact Center Systeme. Wir bieten unsere L\u00f6sung on-prem, als Hybrid- oder reine Cloudl\u00f6sung und entwickeln diese permanent weiter.","potentialAction":[{"@type":"SearchAction","target":{"@type":"EntryPoint","urlTemplate":"https:\/\/sikom.de\/en\/?s={search_term_string}"},"query-input":{"@type":"PropertyValueSpecification","valueRequired":true,"valueName":"search_term_string"}}],"inLanguage":"de"}]}},"_links":{"self":[{"href":"https:\/\/sikom.de\/en\/wp-json\/wp\/v2\/pages\/13174","targetHints":{"allow":["GET"]}}],"collection":[{"href":"https:\/\/sikom.de\/en\/wp-json\/wp\/v2\/pages"}],"about":[{"href":"https:\/\/sikom.de\/en\/wp-json\/wp\/v2\/types\/page"}],"author":[{"embeddable":true,"href":"https:\/\/sikom.de\/en\/wp-json\/wp\/v2\/users\/2"}],"replies":[{"embeddable":true,"href":"https:\/\/sikom.de\/en\/wp-json\/wp\/v2\/comments?post=13174"}],"version-history":[{"count":2,"href":"https:\/\/sikom.de\/en\/wp-json\/wp\/v2\/pages\/13174\/revisions"}],"predecessor-version":[{"id":13176,"href":"https:\/\/sikom.de\/en\/wp-json\/wp\/v2\/pages\/13174\/revisions\/13176"}],"wp:attachment":[{"href":"https:\/\/sikom.de\/en\/wp-json\/wp\/v2\/media?parent=13174"}],"curies":[{"name":"wp","href":"https:\/\/api.w.org\/{rel}","templated":true}]}}