{"id":12889,"date":"2021-01-29T11:35:06","date_gmt":"2021-01-29T10:35:06","guid":{"rendered":"https:\/\/sikom.de\/?page_id=12889"},"modified":"2022-08-30T09:22:26","modified_gmt":"2022-08-30T07:22:26","slug":"sikom-agentone","status":"publish","type":"page","link":"https:\/\/sikom.de\/en\/solutions\/sikom-agentone\/","title":{"rendered":"Sikom AgentOne\u00ae"},"content":{"rendered":"","protected":false},"excerpt":{"rendered":"","protected":false},"author":1,"featured_media":12666,"parent":12932,"menu_order":59,"comment_status":"closed","ping_status":"closed","template":"","meta":{"_acf_changed":false,"footnotes":""},"class_list":["post-12889","page","type-page","status-publish","has-post-thumbnail","hentry"],"acf":[],"yoast_head":"<!-- This site is optimized with the Yoast SEO plugin v26.7 - https:\/\/yoast.com\/wordpress\/plugins\/seo\/ -->\n<title>Sikom AgentOne\u00ae - Sikom Software GmbH<\/title>\n<meta name=\"description\" content=\"Sikom AgentOne\u00ae - our omnichannel routing engine is the operating system for your customer communications - 100% made in Germany\" \/>\n<meta name=\"robots\" content=\"index, follow, max-snippet:-1, max-image-preview:large, max-video-preview:-1\" \/>\n<link rel=\"canonical\" href=\"https:\/\/sikom.de\/en\/solutions\/sikom-agentone\/\" \/>\n<meta property=\"og:locale\" content=\"en_US\" \/>\n<meta property=\"og:type\" content=\"article\" \/>\n<meta property=\"og:title\" content=\"Sikom AgentOne\u00ae - Sikom Software GmbH\" \/>\n<meta property=\"og:description\" content=\"Sikom AgentOne\u00ae - our omnichannel routing engine is the operating system for your customer communications - 100% made in Germany\" \/>\n<meta property=\"og:url\" content=\"https:\/\/sikom.de\/en\/solutions\/sikom-agentone\/\" \/>\n<meta property=\"og:site_name\" content=\"Sikom Software GmbH\" \/>\n<meta property=\"article:modified_time\" content=\"2022-08-30T07:22:26+00:00\" \/>\n<meta name=\"twitter:card\" content=\"summary_large_image\" \/>\n<script type=\"application\/ld+json\" class=\"yoast-schema-graph\">{\"@context\":\"https:\/\/schema.org\",\"@graph\":[{\"@type\":\"WebPage\",\"@id\":\"https:\/\/sikom.de\/en\/solutions\/sikom-agentone\/\",\"url\":\"https:\/\/sikom.de\/en\/solutions\/sikom-agentone\/\",\"name\":\"Sikom AgentOne\u00ae - Sikom Software GmbH\",\"isPartOf\":{\"@id\":\"https:\/\/sikom.de\/en\/#website\"},\"primaryImageOfPage\":{\"@id\":\"https:\/\/sikom.de\/en\/solutions\/sikom-agentone\/#primaryimage\"},\"image\":{\"@id\":\"https:\/\/sikom.de\/en\/solutions\/sikom-agentone\/#primaryimage\"},\"thumbnailUrl\":\"https:\/\/sikom.de\/wp-content\/uploads\/2021\/04\/cropped-logo_sikom.png\",\"datePublished\":\"2021-01-29T10:35:06+00:00\",\"dateModified\":\"2022-08-30T07:22:26+00:00\",\"description\":\"Sikom AgentOne\u00ae - our omnichannel routing engine is the operating system for your customer communications - 100% made in Germany\",\"breadcrumb\":{\"@id\":\"https:\/\/sikom.de\/en\/solutions\/sikom-agentone\/#breadcrumb\"},\"inLanguage\":\"de\",\"potentialAction\":[{\"@type\":\"ReadAction\",\"target\":[\"https:\/\/sikom.de\/en\/solutions\/sikom-agentone\/\"]}]},{\"@type\":\"ImageObject\",\"inLanguage\":\"de\",\"@id\":\"https:\/\/sikom.de\/en\/solutions\/sikom-agentone\/#primaryimage\",\"url\":\"https:\/\/sikom.de\/wp-content\/uploads\/2021\/04\/cropped-logo_sikom.png\",\"contentUrl\":\"https:\/\/sikom.de\/wp-content\/uploads\/2021\/04\/cropped-logo_sikom.png\",\"width\":512,\"height\":512},{\"@type\":\"BreadcrumbList\",\"@id\":\"https:\/\/sikom.de\/en\/solutions\/sikom-agentone\/#breadcrumb\",\"itemListElement\":[{\"@type\":\"ListItem\",\"position\":1,\"name\":\"Home\",\"item\":\"https:\/\/sikom.de\/en\/\"},{\"@type\":\"ListItem\",\"position\":2,\"name\":\"Solutions\",\"item\":\"https:\/\/sikom.de\/en\/solutions\/\"},{\"@type\":\"ListItem\",\"position\":3,\"name\":\"Sikom AgentOne\u00ae\"}]},{\"@type\":\"WebSite\",\"@id\":\"https:\/\/sikom.de\/en\/#website\",\"url\":\"https:\/\/sikom.de\/en\/\",\"name\":\"Sikom Software GmbH\",\"description\":\"Sikom \u2013 seit 25 Jahren einer der f\u00fchrenden Anbieter f\u00fcr Contact Center Systeme. Wir bieten unsere L\u00f6sung on-prem, als Hybrid- oder reine Cloudl\u00f6sung und entwickeln diese permanent weiter.\",\"potentialAction\":[{\"@type\":\"SearchAction\",\"target\":{\"@type\":\"EntryPoint\",\"urlTemplate\":\"https:\/\/sikom.de\/en\/?s={search_term_string}\"},\"query-input\":{\"@type\":\"PropertyValueSpecification\",\"valueRequired\":true,\"valueName\":\"search_term_string\"}}],\"inLanguage\":\"de\"}]}<\/script>\n<!-- \/ Yoast SEO plugin. -->","yoast_head_json":{"title":"Sikom AgentOne\u00ae - Sikom Software GmbH","description":"Sikom AgentOne\u00ae - our omnichannel routing engine is the operating system for your customer communications - 100% made in Germany","robots":{"index":"index","follow":"follow","max-snippet":"max-snippet:-1","max-image-preview":"max-image-preview:large","max-video-preview":"max-video-preview:-1"},"canonical":"https:\/\/sikom.de\/en\/solutions\/sikom-agentone\/","og_locale":"en_US","og_type":"article","og_title":"Sikom AgentOne\u00ae - Sikom Software GmbH","og_description":"Sikom AgentOne\u00ae - our omnichannel routing engine is the operating system for your customer communications - 100% made in Germany","og_url":"https:\/\/sikom.de\/en\/solutions\/sikom-agentone\/","og_site_name":"Sikom Software GmbH","article_modified_time":"2022-08-30T07:22:26+00:00","twitter_card":"summary_large_image","schema":{"@context":"https:\/\/schema.org","@graph":[{"@type":"WebPage","@id":"https:\/\/sikom.de\/en\/solutions\/sikom-agentone\/","url":"https:\/\/sikom.de\/en\/solutions\/sikom-agentone\/","name":"Sikom AgentOne\u00ae - Sikom Software GmbH","isPartOf":{"@id":"https:\/\/sikom.de\/en\/#website"},"primaryImageOfPage":{"@id":"https:\/\/sikom.de\/en\/solutions\/sikom-agentone\/#primaryimage"},"image":{"@id":"https:\/\/sikom.de\/en\/solutions\/sikom-agentone\/#primaryimage"},"thumbnailUrl":"https:\/\/sikom.de\/wp-content\/uploads\/2021\/04\/cropped-logo_sikom.png","datePublished":"2021-01-29T10:35:06+00:00","dateModified":"2022-08-30T07:22:26+00:00","description":"Sikom AgentOne\u00ae - our omnichannel routing engine is the operating system for your customer communications - 100% made in Germany","breadcrumb":{"@id":"https:\/\/sikom.de\/en\/solutions\/sikom-agentone\/#breadcrumb"},"inLanguage":"de","potentialAction":[{"@type":"ReadAction","target":["https:\/\/sikom.de\/en\/solutions\/sikom-agentone\/"]}]},{"@type":"ImageObject","inLanguage":"de","@id":"https:\/\/sikom.de\/en\/solutions\/sikom-agentone\/#primaryimage","url":"https:\/\/sikom.de\/wp-content\/uploads\/2021\/04\/cropped-logo_sikom.png","contentUrl":"https:\/\/sikom.de\/wp-content\/uploads\/2021\/04\/cropped-logo_sikom.png","width":512,"height":512},{"@type":"BreadcrumbList","@id":"https:\/\/sikom.de\/en\/solutions\/sikom-agentone\/#breadcrumb","itemListElement":[{"@type":"ListItem","position":1,"name":"Home","item":"https:\/\/sikom.de\/en\/"},{"@type":"ListItem","position":2,"name":"Solutions","item":"https:\/\/sikom.de\/en\/solutions\/"},{"@type":"ListItem","position":3,"name":"Sikom AgentOne\u00ae"}]},{"@type":"WebSite","@id":"https:\/\/sikom.de\/en\/#website","url":"https:\/\/sikom.de\/en\/","name":"Sikom Software GmbH","description":"Sikom \u2013 seit 25 Jahren einer der f\u00fchrenden Anbieter f\u00fcr Contact Center Systeme. Wir bieten unsere L\u00f6sung on-prem, als Hybrid- oder reine Cloudl\u00f6sung und entwickeln diese permanent weiter.","potentialAction":[{"@type":"SearchAction","target":{"@type":"EntryPoint","urlTemplate":"https:\/\/sikom.de\/en\/?s={search_term_string}"},"query-input":{"@type":"PropertyValueSpecification","valueRequired":true,"valueName":"search_term_string"}}],"inLanguage":"de"}]}},"_links":{"self":[{"href":"https:\/\/sikom.de\/en\/wp-json\/wp\/v2\/pages\/12889","targetHints":{"allow":["GET"]}}],"collection":[{"href":"https:\/\/sikom.de\/en\/wp-json\/wp\/v2\/pages"}],"about":[{"href":"https:\/\/sikom.de\/en\/wp-json\/wp\/v2\/types\/page"}],"author":[{"embeddable":true,"href":"https:\/\/sikom.de\/en\/wp-json\/wp\/v2\/users\/1"}],"replies":[{"embeddable":true,"href":"https:\/\/sikom.de\/en\/wp-json\/wp\/v2\/comments?post=12889"}],"version-history":[{"count":2,"href":"https:\/\/sikom.de\/en\/wp-json\/wp\/v2\/pages\/12889\/revisions"}],"predecessor-version":[{"id":13162,"href":"https:\/\/sikom.de\/en\/wp-json\/wp\/v2\/pages\/12889\/revisions\/13162"}],"up":[{"embeddable":true,"href":"https:\/\/sikom.de\/en\/wp-json\/wp\/v2\/pages\/12932"}],"wp:featuredmedia":[{"embeddable":true,"href":"https:\/\/sikom.de\/en\/wp-json\/wp\/v2\/media\/12666"}],"wp:attachment":[{"href":"https:\/\/sikom.de\/en\/wp-json\/wp\/v2\/media?parent=12889"}],"curies":[{"name":"wp","href":"https:\/\/api.w.org\/{rel}","templated":true}]}}