{"id":12834,"date":"2021-04-25T11:06:20","date_gmt":"2021-04-25T09:06:20","guid":{"rendered":"https:\/\/sikom.de\/locations\/"},"modified":"2022-09-19T17:59:40","modified_gmt":"2022-09-19T15:59:40","slug":"locations","status":"publish","type":"page","link":"https:\/\/sikom.de\/en\/company\/locations\/","title":{"rendered":"Locations"},"content":{"rendered":"<div class=\"wpb-content-wrapper\"><p>[vc_row][vc_column width=&#8220;1\/2&#8243;][sbs_wpb_openstreetmap map_style=&#8220;OpenStreetMap.DE&#8220; external_link_openstreetmap=&#8220;&#8220; map_height=&#8220;100&#8243; ctrl_mouse_zoom=&#8220;&#8220;][sbs_wpb_marker marker_color=&#8220;red&#8220; marker_address=&#8220;Tullastra\u00dfe 4 D-69126 Heidelberg&#8220;][\/sbs_wpb_marker][\/sbs_wpb_openstreetmap][\/vc_column][vc_column width=&#8220;1\/2&#8243;][vc_column_text]<strong>Heidelberg<\/strong><\/p>\n<p>Tullastra\u00dfe 4<br \/>\nD-69126 Heidelberg[\/vc_column_text][vc_btn title=&#8220;info@sikom.de&#8220; color=&#8220;danger&#8220; align=&#8220;center&#8220; button_block=&#8220;true&#8220; link=&#8220;url:mailto%3Ainfo%40sikom.de|&#8220;][vc_btn title=&#8220;0 62 21 \/ 137 88-0&#8243; color=&#8220;danger&#8220; align=&#8220;center&#8220; button_block=&#8220;true&#8220; link=&#8220;url:tel%3A%2B496221137880|&#8220;][\/vc_column][\/vc_row][vc_row full_width=&#8220;stretch_row&#8220; el_class=&#8220;section-gray&#8220;][vc_column][vc_row_inner][vc_column_inner el_class=&#8220;vc_col-sm-push-6&#8243; width=&#8220;1\/2&#8243;][sbs_wpb_openstreetmap map_style=&#8220;OpenStreetMap.DE&#8220; external_link_openstreetmap=&#8220;&#8220; map_height=&#8220;100&#8243; ctrl_mouse_zoom=&#8220;&#8220;][sbs_wpb_marker marker_color=&#8220;red&#8220; marker_address=&#8220;Herschelstra\u00dfe 27 D-08060 Zwickau&#8220;][\/sbs_wpb_marker][\/sbs_wpb_openstreetmap][\/vc_column_inner][vc_column_inner el_class=&#8220;vc_col-sm-pull-6&#8243; width=&#8220;1\/2&#8243;][vc_column_text]<strong>Zwickau<\/strong><\/p>\n<p>Herschelstra\u00dfe 27<br \/>\nD-08060 Zwickau[\/vc_column_text][vc_btn title=&#8220;info@sikom.de&#8220; color=&#8220;danger&#8220; align=&#8220;center&#8220; button_block=&#8220;true&#8220; link=&#8220;url:mailto%3Ainfo%40sikom.de|&#8220;][vc_btn title=&#8220;0 62 21 \/ 137 88-0&#8243; color=&#8220;danger&#8220; align=&#8220;center&#8220; button_block=&#8220;true&#8220; link=&#8220;url:tel%3A%2B496221137880|&#8220;][\/vc_column_inner][\/vc_row_inner][\/vc_column][\/vc_row][vc_row][vc_column width=&#8220;1\/2&#8243;][sbs_wpb_openstreetmap map_style=&#8220;OpenStreetMap.DE&#8220; external_link_openstreetmap=&#8220;&#8220; map_height=&#8220;100&#8243; zoom=&#8220;16&#8243; ctrl_mouse_zoom=&#8220;&#8220;][sbs_wpb_marker marker_color=&#8220;red&#8220; marker_address=&#8220;Uhlandstra\u00dfe 16 D-70182 Stuttgart&#8220;][\/sbs_wpb_marker][\/sbs_wpb_openstreetmap][\/vc_column][vc_column width=&#8220;1\/2&#8243;][vc_column_text]<strong>Stuttgart<\/strong><\/p>\n<p>Uhlandstra\u00dfe 16<br \/>\nD-70182 Stuttgart[\/vc_column_text][vc_btn title=&#8220;info@sikom.de&#8220; color=&#8220;danger&#8220; align=&#8220;center&#8220; button_block=&#8220;true&#8220; link=&#8220;url:mailto%3Ainfo%40sikom.de|&#8220;][vc_btn title=&#8220;0 62 21 \/ 137 88-0&#8243; color=&#8220;danger&#8220; align=&#8220;center&#8220; button_block=&#8220;true&#8220; link=&#8220;url:tel%3A%2B496221137880|&#8220;][\/vc_column][\/vc_row]<\/p>\n<\/div>","protected":false},"excerpt":{"rendered":"<p>[vc_row][vc_column width=&#8220;1\/2&#8243;][sbs_wpb_openstreetmap map_style=&#8220;OpenStreetMap.DE&#8220; external_link_openstreetmap=&#8220;&#8220; map_height=&#8220;100&#8243; ctrl_mouse_zoom=&#8220;&#8220;][sbs_wpb_marker marker_color=&#8220;red&#8220; marker_address=&#8220;Tullastra\u00dfe 4 D-69126 Heidelberg&#8220;][\/sbs_wpb_marker][\/sbs_wpb_openstreetmap][\/vc_column][vc_column width=&#8220;1\/2&#8243;][vc_column_text]Heidelberg Tullastra\u00dfe 4 D-69126 Heidelberg[\/vc_column_text][vc_btn title=&#8220;info@sikom.de&#8220; color=&#8220;danger&#8220; align=&#8220;center&#8220; button_block=&#8220;true&#8220; link=&#8220;url:mailto%3Ainfo%40sikom.de|&#8220;][vc_btn title=&#8220;0 62 21 \/ 137 88-0&#8243; color=&#8220;danger&#8220; align=&#8220;center&#8220; button_block=&#8220;true&#8220; link=&#8220;url:tel%3A%2B496221137880|&#8220;][\/vc_column][\/vc_row][vc_row full_width=&#8220;stretch_row&#8220; el_class=&#8220;section-gray&#8220;][vc_column][vc_row_inner][vc_column_inner el_class=&#8220;vc_col-sm-push-6&#8243; width=&#8220;1\/2&#8243;][sbs_wpb_openstreetmap map_style=&#8220;OpenStreetMap.DE&#8220; external_link_openstreetmap=&#8220;&#8220; map_height=&#8220;100&#8243; ctrl_mouse_zoom=&#8220;&#8220;][sbs_wpb_marker marker_color=&#8220;red&#8220; marker_address=&#8220;Herschelstra\u00dfe 27 D-08060 Zwickau&#8220;][\/sbs_wpb_marker][\/sbs_wpb_openstreetmap][\/vc_column_inner][vc_column_inner el_class=&#8220;vc_col-sm-pull-6&#8243; width=&#8220;1\/2&#8243;][vc_column_text]Zwickau Herschelstra\u00dfe 27 D-08060 Zwickau[\/vc_column_text][vc_btn title=&#8220;info@sikom.de&#8220; color=&#8220;danger&#8220; align=&#8220;center&#8220; button_block=&#8220;true&#8220; link=&#8220;url:mailto%3Ainfo%40sikom.de|&#8220;][vc_btn [&hellip;]<\/p>\n","protected":false},"author":1,"featured_media":0,"parent":12927,"menu_order":26,"comment_status":"closed","ping_status":"closed","template":"","meta":{"_acf_changed":false,"footnotes":""},"class_list":["post-12834","page","type-page","status-publish","hentry"],"acf":[],"yoast_head":"<!-- This site is optimized with the Yoast SEO plugin v26.7 - https:\/\/yoast.com\/wordpress\/plugins\/seo\/ -->\n<title>Locations - Sikom Software GmbH<\/title>\n<meta name=\"description\" content=\"Addresses of the Sikom Software locations in Heidelberg, Zwickau and Stuttgart with integration of GoogleMaps for the city maps.\" \/>\n<meta name=\"robots\" content=\"index, follow, max-snippet:-1, max-image-preview:large, max-video-preview:-1\" \/>\n<link rel=\"canonical\" href=\"https:\/\/sikom.de\/en\/company\/locations\/\" \/>\n<meta property=\"og:locale\" content=\"en_US\" \/>\n<meta property=\"og:type\" content=\"article\" \/>\n<meta property=\"og:title\" content=\"Locations - Sikom Software GmbH\" \/>\n<meta property=\"og:description\" content=\"Addresses of the Sikom Software locations in Heidelberg, Zwickau and Stuttgart with integration of GoogleMaps for the city maps.\" \/>\n<meta property=\"og:url\" content=\"https:\/\/sikom.de\/en\/company\/locations\/\" \/>\n<meta property=\"og:site_name\" content=\"Sikom Software GmbH\" \/>\n<meta property=\"article:modified_time\" content=\"2022-09-19T15:59:40+00:00\" \/>\n<meta name=\"twitter:card\" content=\"summary_large_image\" \/>\n<meta name=\"twitter:label1\" content=\"Gesch\u00e4tzte Lesezeit\" \/>\n\t<meta name=\"twitter:data1\" content=\"1\u00a0Minute\" \/>\n<script type=\"application\/ld+json\" class=\"yoast-schema-graph\">{\"@context\":\"https:\/\/schema.org\",\"@graph\":[{\"@type\":\"WebPage\",\"@id\":\"https:\/\/sikom.de\/en\/company\/locations\/\",\"url\":\"https:\/\/sikom.de\/en\/company\/locations\/\",\"name\":\"Locations - Sikom Software GmbH\",\"isPartOf\":{\"@id\":\"https:\/\/sikom.de\/en\/#website\"},\"datePublished\":\"2021-04-25T09:06:20+00:00\",\"dateModified\":\"2022-09-19T15:59:40+00:00\",\"description\":\"Addresses of the Sikom Software locations in Heidelberg, Zwickau and Stuttgart with integration of GoogleMaps for the city maps.\",\"breadcrumb\":{\"@id\":\"https:\/\/sikom.de\/en\/company\/locations\/#breadcrumb\"},\"inLanguage\":\"de\",\"potentialAction\":[{\"@type\":\"ReadAction\",\"target\":[\"https:\/\/sikom.de\/en\/company\/locations\/\"]}]},{\"@type\":\"BreadcrumbList\",\"@id\":\"https:\/\/sikom.de\/en\/company\/locations\/#breadcrumb\",\"itemListElement\":[{\"@type\":\"ListItem\",\"position\":1,\"name\":\"Home\",\"item\":\"https:\/\/sikom.de\/en\/\"},{\"@type\":\"ListItem\",\"position\":2,\"name\":\"Company\",\"item\":\"https:\/\/sikom.de\/en\/company\/\"},{\"@type\":\"ListItem\",\"position\":3,\"name\":\"Locations\"}]},{\"@type\":\"WebSite\",\"@id\":\"https:\/\/sikom.de\/en\/#website\",\"url\":\"https:\/\/sikom.de\/en\/\",\"name\":\"Sikom Software GmbH\",\"description\":\"Sikom \u2013 seit 25 Jahren einer der f\u00fchrenden Anbieter f\u00fcr Contact Center Systeme. Wir bieten unsere L\u00f6sung on-prem, als Hybrid- oder reine Cloudl\u00f6sung und entwickeln diese permanent weiter.\",\"potentialAction\":[{\"@type\":\"SearchAction\",\"target\":{\"@type\":\"EntryPoint\",\"urlTemplate\":\"https:\/\/sikom.de\/en\/?s={search_term_string}\"},\"query-input\":{\"@type\":\"PropertyValueSpecification\",\"valueRequired\":true,\"valueName\":\"search_term_string\"}}],\"inLanguage\":\"de\"}]}<\/script>\n<!-- \/ Yoast SEO plugin. -->","yoast_head_json":{"title":"Locations - Sikom Software GmbH","description":"Addresses of the Sikom Software locations in Heidelberg, Zwickau and Stuttgart with integration of GoogleMaps for the city maps.","robots":{"index":"index","follow":"follow","max-snippet":"max-snippet:-1","max-image-preview":"max-image-preview:large","max-video-preview":"max-video-preview:-1"},"canonical":"https:\/\/sikom.de\/en\/company\/locations\/","og_locale":"en_US","og_type":"article","og_title":"Locations - Sikom Software GmbH","og_description":"Addresses of the Sikom Software locations in Heidelberg, Zwickau and Stuttgart with integration of GoogleMaps for the city maps.","og_url":"https:\/\/sikom.de\/en\/company\/locations\/","og_site_name":"Sikom Software GmbH","article_modified_time":"2022-09-19T15:59:40+00:00","twitter_card":"summary_large_image","twitter_misc":{"Gesch\u00e4tzte Lesezeit":"1\u00a0Minute"},"schema":{"@context":"https:\/\/schema.org","@graph":[{"@type":"WebPage","@id":"https:\/\/sikom.de\/en\/company\/locations\/","url":"https:\/\/sikom.de\/en\/company\/locations\/","name":"Locations - Sikom Software GmbH","isPartOf":{"@id":"https:\/\/sikom.de\/en\/#website"},"datePublished":"2021-04-25T09:06:20+00:00","dateModified":"2022-09-19T15:59:40+00:00","description":"Addresses of the Sikom Software locations in Heidelberg, Zwickau and Stuttgart with integration of GoogleMaps for the city maps.","breadcrumb":{"@id":"https:\/\/sikom.de\/en\/company\/locations\/#breadcrumb"},"inLanguage":"de","potentialAction":[{"@type":"ReadAction","target":["https:\/\/sikom.de\/en\/company\/locations\/"]}]},{"@type":"BreadcrumbList","@id":"https:\/\/sikom.de\/en\/company\/locations\/#breadcrumb","itemListElement":[{"@type":"ListItem","position":1,"name":"Home","item":"https:\/\/sikom.de\/en\/"},{"@type":"ListItem","position":2,"name":"Company","item":"https:\/\/sikom.de\/en\/company\/"},{"@type":"ListItem","position":3,"name":"Locations"}]},{"@type":"WebSite","@id":"https:\/\/sikom.de\/en\/#website","url":"https:\/\/sikom.de\/en\/","name":"Sikom Software GmbH","description":"Sikom \u2013 seit 25 Jahren einer der f\u00fchrenden Anbieter f\u00fcr Contact Center Systeme. Wir bieten unsere L\u00f6sung on-prem, als Hybrid- oder reine Cloudl\u00f6sung und entwickeln diese permanent weiter.","potentialAction":[{"@type":"SearchAction","target":{"@type":"EntryPoint","urlTemplate":"https:\/\/sikom.de\/en\/?s={search_term_string}"},"query-input":{"@type":"PropertyValueSpecification","valueRequired":true,"valueName":"search_term_string"}}],"inLanguage":"de"}]}},"_links":{"self":[{"href":"https:\/\/sikom.de\/en\/wp-json\/wp\/v2\/pages\/12834","targetHints":{"allow":["GET"]}}],"collection":[{"href":"https:\/\/sikom.de\/en\/wp-json\/wp\/v2\/pages"}],"about":[{"href":"https:\/\/sikom.de\/en\/wp-json\/wp\/v2\/types\/page"}],"author":[{"embeddable":true,"href":"https:\/\/sikom.de\/en\/wp-json\/wp\/v2\/users\/1"}],"replies":[{"embeddable":true,"href":"https:\/\/sikom.de\/en\/wp-json\/wp\/v2\/comments?post=12834"}],"version-history":[{"count":10,"href":"https:\/\/sikom.de\/en\/wp-json\/wp\/v2\/pages\/12834\/revisions"}],"predecessor-version":[{"id":13383,"href":"https:\/\/sikom.de\/en\/wp-json\/wp\/v2\/pages\/12834\/revisions\/13383"}],"up":[{"embeddable":true,"href":"https:\/\/sikom.de\/en\/wp-json\/wp\/v2\/pages\/12927"}],"wp:attachment":[{"href":"https:\/\/sikom.de\/en\/wp-json\/wp\/v2\/media?parent=12834"}],"curies":[{"name":"wp","href":"https:\/\/api.w.org\/{rel}","templated":true}]}}