{"id":12831,"date":"2021-02-08T08:19:46","date_gmt":"2021-02-08T07:19:46","guid":{"rendered":"https:\/\/sikom.de\/what-can-we-do-for-you\/"},"modified":"2022-11-07T09:54:21","modified_gmt":"2022-11-07T08:54:21","slug":"what-can-we-do-for-you","status":"publish","type":"page","link":"https:\/\/sikom.de\/en\/what-can-we-do-for-you\/","title":{"rendered":"What can we do for you?"},"content":{"rendered":"<div class=\"wpb-content-wrapper\"><p>[vc_row][vc_column width=&#8220;2\/3&#8243;]\n<div class=\"wpcf7 no-js\" id=\"wpcf7-f12975-o1\" lang=\"en-US\" dir=\"ltr\" data-wpcf7-id=\"12975\">\n<div class=\"screen-reader-response\"><p role=\"status\" aria-live=\"polite\" aria-atomic=\"true\"><\/p> <ul><\/ul><\/div>\n<form action=\"\/en\/wp-json\/wp\/v2\/pages\/12831#wpcf7-f12975-o1\" method=\"post\" class=\"wpcf7-form init\" aria-label=\"Kontaktformular\" novalidate=\"novalidate\" data-status=\"init\">\n<fieldset class=\"hidden-fields-container\"><input type=\"hidden\" name=\"_wpcf7\" value=\"12975\" \/><input type=\"hidden\" name=\"_wpcf7_version\" value=\"6.1.4\" \/><input type=\"hidden\" name=\"_wpcf7_locale\" value=\"en_US\" \/><input type=\"hidden\" name=\"_wpcf7_unit_tag\" value=\"wpcf7-f12975-o1\" \/><input type=\"hidden\" name=\"_wpcf7_container_post\" value=\"0\" \/><input type=\"hidden\" name=\"_wpcf7_posted_data_hash\" value=\"\" \/>\n<\/fieldset>\n<div class=\"form-group\">\n\t<p><span class=\"wpcf7-form-control-wrap\" data-name=\"Name\"><input size=\"40\" maxlength=\"400\" class=\"wpcf7-form-control wpcf7-text wpcf7-validates-as-required form-control\" aria-required=\"true\" aria-invalid=\"false\" placeholder=\"Your Name*\" value=\"\" type=\"text\" name=\"Name\" \/><\/span>\n\t<\/p>\n<\/div>\n<div class=\"form-group\">\n\t<p><span class=\"wpcf7-form-control-wrap\" data-name=\"Unternehmen\"><input size=\"40\" maxlength=\"400\" class=\"wpcf7-form-control wpcf7-text wpcf7-validates-as-required form-control\" aria-required=\"true\" aria-invalid=\"false\" placeholder=\"Company*\" value=\"\" type=\"text\" name=\"Unternehmen\" \/><\/span>\n\t<\/p>\n<\/div>\n<div class=\"form-group\">\n\t<p><span class=\"wpcf7-form-control-wrap\" data-name=\"E-Mail\"><input size=\"40\" maxlength=\"400\" class=\"wpcf7-form-control wpcf7-email wpcf7-validates-as-required wpcf7-text wpcf7-validates-as-email form-control\" aria-required=\"true\" aria-invalid=\"false\" placeholder=\"Your Email Address*\" value=\"\" type=\"email\" name=\"E-Mail\" \/><\/span>\n\t<\/p>\n<\/div>\n<div class=\"form-group\">\n\t<p><span class=\"wpcf7-form-control-wrap\" data-name=\"Nachricht\"><textarea cols=\"40\" rows=\"10\" maxlength=\"2000\" class=\"wpcf7-form-control wpcf7-textarea wpcf7-validates-as-required form-control\" aria-required=\"true\" aria-invalid=\"false\" placeholder=\"Your Message*\" name=\"Nachricht\"><\/textarea><\/span>\n\t<\/p>\n<\/div>\n<p><span class=\"small\"><br \/>\n* mandatory field<br \/>\nYour data will only be processed for the purpose for which you have provided it to us. For more information, please see our privacy policy.<\/span>\n<\/p>\n<p><input class=\"wpcf7-form-control wpcf7-submit has-spinner btn btn-default\" type=\"submit\" value=\"Absenden\" \/><br \/>\n<div class=\"wpcf7-response-output\" aria-hidden=\"true\"><\/div>\n<\/form>\n<\/div>\n[\/vc_column][vc_column width=&#8220;1\/3&#8243; el_class=&#8220;contact-address-block&#8220;][vc_column_text]<strong>Heidelberg<\/strong><\/p>\n<p>Tullastra\u00dfe 4<br \/>\nD-69126 Heidelberg<br \/>\nPhone: +49 62 21 \/ 137 88-0<br \/>\nEmail: <a href=\"mailto:info@sikom.de\">info@sikom.de<\/a><\/p>\n<p><strong>Zwickau<\/strong><\/p>\n<p>Herschelstra\u00dfe 27<br \/>\nD-08060 Zwickau<br \/>\nPhone: +49 62 21 \/ 137 88-0<br \/>\nEmail: <a href=\"mailto:info@sikom.de\">info@sikom.de<\/a>[\/vc_column_text][\/vc_column][\/vc_row]<\/p>\n<\/div>","protected":false},"excerpt":{"rendered":"<p>[vc_row][vc_column width=&#8220;2\/3&#8243;][\/vc_column][vc_column width=&#8220;1\/3&#8243; el_class=&#8220;contact-address-block&#8220;][vc_column_text]Heidelberg Tullastra\u00dfe 4 D-69126 Heidelberg Phone: +49 62 21 \/ 137 88-0 Email: info@sikom.de Zwickau Herschelstra\u00dfe 27 D-08060 Zwickau Phone: +49 62 21 \/ 137 88-0 Email: info@sikom.de[\/vc_column_text][\/vc_column][\/vc_row]<\/p>\n","protected":false},"author":1,"featured_media":0,"parent":0,"menu_order":51,"comment_status":"closed","ping_status":"closed","template":"","meta":{"_acf_changed":false,"footnotes":""},"class_list":["post-12831","page","type-page","status-publish","hentry"],"acf":[],"yoast_head":"<!-- This site is optimized with the Yoast SEO plugin v26.7 - https:\/\/yoast.com\/wordpress\/plugins\/seo\/ -->\n<title>What can we do for you? - Sikom Software GmbH<\/title>\n<meta name=\"description\" content=\"What can we do for you? Here you can contact us to clarify your questions - contact form.\" \/>\n<meta name=\"robots\" content=\"index, follow, max-snippet:-1, max-image-preview:large, max-video-preview:-1\" \/>\n<link rel=\"canonical\" href=\"https:\/\/sikom.de\/en\/what-can-we-do-for-you\/\" \/>\n<meta property=\"og:locale\" content=\"en_US\" \/>\n<meta property=\"og:type\" content=\"article\" \/>\n<meta property=\"og:title\" content=\"What can we do for you? - Sikom Software GmbH\" \/>\n<meta property=\"og:description\" content=\"What can we do for you? Here you can contact us to clarify your questions - contact form.\" \/>\n<meta property=\"og:url\" content=\"https:\/\/sikom.de\/en\/what-can-we-do-for-you\/\" \/>\n<meta property=\"og:site_name\" content=\"Sikom Software GmbH\" \/>\n<meta property=\"article:modified_time\" content=\"2022-11-07T08:54:21+00:00\" \/>\n<meta name=\"twitter:card\" content=\"summary_large_image\" \/>\n<meta name=\"twitter:label1\" content=\"Gesch\u00e4tzte Lesezeit\" \/>\n\t<meta name=\"twitter:data1\" content=\"1\u00a0Minute\" \/>\n<script type=\"application\/ld+json\" class=\"yoast-schema-graph\">{\"@context\":\"https:\/\/schema.org\",\"@graph\":[{\"@type\":\"WebPage\",\"@id\":\"https:\/\/sikom.de\/en\/what-can-we-do-for-you\/\",\"url\":\"https:\/\/sikom.de\/en\/what-can-we-do-for-you\/\",\"name\":\"What can we do for you? - Sikom Software GmbH\",\"isPartOf\":{\"@id\":\"https:\/\/sikom.de\/en\/#website\"},\"datePublished\":\"2021-02-08T07:19:46+00:00\",\"dateModified\":\"2022-11-07T08:54:21+00:00\",\"description\":\"What can we do for you? Here you can contact us to clarify your questions - contact form.\",\"breadcrumb\":{\"@id\":\"https:\/\/sikom.de\/en\/what-can-we-do-for-you\/#breadcrumb\"},\"inLanguage\":\"de\",\"potentialAction\":[{\"@type\":\"ReadAction\",\"target\":[\"https:\/\/sikom.de\/en\/what-can-we-do-for-you\/\"]}]},{\"@type\":\"BreadcrumbList\",\"@id\":\"https:\/\/sikom.de\/en\/what-can-we-do-for-you\/#breadcrumb\",\"itemListElement\":[{\"@type\":\"ListItem\",\"position\":1,\"name\":\"Home\",\"item\":\"https:\/\/sikom.de\/en\/\"},{\"@type\":\"ListItem\",\"position\":2,\"name\":\"What can we do for you?\"}]},{\"@type\":\"WebSite\",\"@id\":\"https:\/\/sikom.de\/en\/#website\",\"url\":\"https:\/\/sikom.de\/en\/\",\"name\":\"Sikom Software GmbH\",\"description\":\"Sikom \u2013 seit 25 Jahren einer der f\u00fchrenden Anbieter f\u00fcr Contact Center Systeme. Wir bieten unsere L\u00f6sung on-prem, als Hybrid- oder reine Cloudl\u00f6sung und entwickeln diese permanent weiter.\",\"potentialAction\":[{\"@type\":\"SearchAction\",\"target\":{\"@type\":\"EntryPoint\",\"urlTemplate\":\"https:\/\/sikom.de\/en\/?s={search_term_string}\"},\"query-input\":{\"@type\":\"PropertyValueSpecification\",\"valueRequired\":true,\"valueName\":\"search_term_string\"}}],\"inLanguage\":\"de\"}]}<\/script>\n<!-- \/ Yoast SEO plugin. -->","yoast_head_json":{"title":"What can we do for you? - Sikom Software GmbH","description":"What can we do for you? Here you can contact us to clarify your questions - contact form.","robots":{"index":"index","follow":"follow","max-snippet":"max-snippet:-1","max-image-preview":"max-image-preview:large","max-video-preview":"max-video-preview:-1"},"canonical":"https:\/\/sikom.de\/en\/what-can-we-do-for-you\/","og_locale":"en_US","og_type":"article","og_title":"What can we do for you? - Sikom Software GmbH","og_description":"What can we do for you? Here you can contact us to clarify your questions - contact form.","og_url":"https:\/\/sikom.de\/en\/what-can-we-do-for-you\/","og_site_name":"Sikom Software GmbH","article_modified_time":"2022-11-07T08:54:21+00:00","twitter_card":"summary_large_image","twitter_misc":{"Gesch\u00e4tzte Lesezeit":"1\u00a0Minute"},"schema":{"@context":"https:\/\/schema.org","@graph":[{"@type":"WebPage","@id":"https:\/\/sikom.de\/en\/what-can-we-do-for-you\/","url":"https:\/\/sikom.de\/en\/what-can-we-do-for-you\/","name":"What can we do for you? - Sikom Software GmbH","isPartOf":{"@id":"https:\/\/sikom.de\/en\/#website"},"datePublished":"2021-02-08T07:19:46+00:00","dateModified":"2022-11-07T08:54:21+00:00","description":"What can we do for you? Here you can contact us to clarify your questions - contact form.","breadcrumb":{"@id":"https:\/\/sikom.de\/en\/what-can-we-do-for-you\/#breadcrumb"},"inLanguage":"de","potentialAction":[{"@type":"ReadAction","target":["https:\/\/sikom.de\/en\/what-can-we-do-for-you\/"]}]},{"@type":"BreadcrumbList","@id":"https:\/\/sikom.de\/en\/what-can-we-do-for-you\/#breadcrumb","itemListElement":[{"@type":"ListItem","position":1,"name":"Home","item":"https:\/\/sikom.de\/en\/"},{"@type":"ListItem","position":2,"name":"What can we do for you?"}]},{"@type":"WebSite","@id":"https:\/\/sikom.de\/en\/#website","url":"https:\/\/sikom.de\/en\/","name":"Sikom Software GmbH","description":"Sikom \u2013 seit 25 Jahren einer der f\u00fchrenden Anbieter f\u00fcr Contact Center Systeme. Wir bieten unsere L\u00f6sung on-prem, als Hybrid- oder reine Cloudl\u00f6sung und entwickeln diese permanent weiter.","potentialAction":[{"@type":"SearchAction","target":{"@type":"EntryPoint","urlTemplate":"https:\/\/sikom.de\/en\/?s={search_term_string}"},"query-input":{"@type":"PropertyValueSpecification","valueRequired":true,"valueName":"search_term_string"}}],"inLanguage":"de"}]}},"_links":{"self":[{"href":"https:\/\/sikom.de\/en\/wp-json\/wp\/v2\/pages\/12831","targetHints":{"allow":["GET"]}}],"collection":[{"href":"https:\/\/sikom.de\/en\/wp-json\/wp\/v2\/pages"}],"about":[{"href":"https:\/\/sikom.de\/en\/wp-json\/wp\/v2\/types\/page"}],"author":[{"embeddable":true,"href":"https:\/\/sikom.de\/en\/wp-json\/wp\/v2\/users\/1"}],"replies":[{"embeddable":true,"href":"https:\/\/sikom.de\/en\/wp-json\/wp\/v2\/comments?post=12831"}],"version-history":[{"count":7,"href":"https:\/\/sikom.de\/en\/wp-json\/wp\/v2\/pages\/12831\/revisions"}],"predecessor-version":[{"id":12954,"href":"https:\/\/sikom.de\/en\/wp-json\/wp\/v2\/pages\/12831\/revisions\/12954"}],"wp:attachment":[{"href":"https:\/\/sikom.de\/en\/wp-json\/wp\/v2\/media?parent=12831"}],"curies":[{"name":"wp","href":"https:\/\/api.w.org\/{rel}","templated":true}]}}