{"id":12821,"date":"2021-04-26T16:39:13","date_gmt":"2021-04-26T14:39:13","guid":{"rendered":"https:\/\/sikom.de\/support\/"},"modified":"2022-11-07T09:55:43","modified_gmt":"2022-11-07T08:55:43","slug":"support","status":"publish","type":"page","link":"https:\/\/sikom.de\/en\/support\/","title":{"rendered":"Support"},"content":{"rendered":"<div class=\"wpb-content-wrapper\"><p>[vc_row][vc_column width=&#8220;1\/2&#8243;][vc_column_text]We are here for you. You can reach us during our business hours,<br \/>\n<strong>Monday to Friday from 8:00 to 18:00.<\/strong><\/p>\n<p><strong>Central service and support hotline:<\/strong><br \/>\nEmail: <a href=\"mailto:support@sikom.de\">support@sikom.de<\/a><br \/>\n<strong>+49 800 7 456611<\/strong><br \/>\n<em>(<\/em><em>Calls from landline networks and mobile phones in Germany are free of charge<\/em>[\/vc_column_text][\/vc_column][vc_column width=&#8220;1\/2&#8243;][vc_column_text]<strong>Around-the-clock service for our customers with a service contract<\/strong><br \/>\nIf you have a service agreement with us, we will be happy to assist you up to 24 hours a day in accordance with the agreed service conditions. You can reach us not only during our normal business hours, but also outside them.<\/p>\n<p><strong>Our hotline is available 24\/7.<\/strong><br \/>\nOur automatic call system will gladly take your call outside our business hours and initiate the necessary actions.[\/vc_column_text][\/vc_column][\/vc_row]<\/p>\n<\/div>","protected":false},"excerpt":{"rendered":"<p>[vc_row][vc_column width=&#8220;1\/2&#8243;][vc_column_text]We are here for you. You can reach us during our business hours, Monday to Friday from 8:00 to 18:00. Central service and support hotline: Email: support@sikom.de +49 800 7 456611 (Calls from landline networks and mobile phones in Germany are free of charge[\/vc_column_text][\/vc_column][vc_column width=&#8220;1\/2&#8243;][vc_column_text]Around-the-clock service for our customers with a service contract If [&hellip;]<\/p>\n","protected":false},"author":4,"featured_media":0,"parent":0,"menu_order":22,"comment_status":"closed","ping_status":"closed","template":"","meta":{"_acf_changed":false,"footnotes":""},"class_list":["post-12821","page","type-page","status-publish","hentry"],"acf":[],"yoast_head":"<!-- This site is optimized with the Yoast SEO plugin v26.7 - https:\/\/yoast.com\/wordpress\/plugins\/seo\/ -->\n<title>Support - Sikom Software GmbH<\/title>\n<meta name=\"description\" content=\"Contact information for our support hotline with email and toll-free telephone number as well as the operating hours.\" \/>\n<meta name=\"robots\" content=\"index, follow, max-snippet:-1, max-image-preview:large, max-video-preview:-1\" \/>\n<link rel=\"canonical\" href=\"https:\/\/sikom.de\/en\/support\/\" \/>\n<meta property=\"og:locale\" content=\"en_US\" \/>\n<meta property=\"og:type\" content=\"article\" \/>\n<meta property=\"og:title\" content=\"Support - Sikom Software GmbH\" \/>\n<meta property=\"og:description\" content=\"Contact information for our support hotline with email and toll-free telephone number as well as the operating hours.\" \/>\n<meta property=\"og:url\" content=\"https:\/\/sikom.de\/en\/support\/\" \/>\n<meta property=\"og:site_name\" content=\"Sikom Software GmbH\" \/>\n<meta property=\"article:modified_time\" content=\"2022-11-07T08:55:43+00:00\" \/>\n<meta name=\"twitter:card\" content=\"summary_large_image\" \/>\n<meta name=\"twitter:label1\" content=\"Gesch\u00e4tzte Lesezeit\" \/>\n\t<meta name=\"twitter:data1\" content=\"1\u00a0Minute\" \/>\n<script type=\"application\/ld+json\" class=\"yoast-schema-graph\">{\"@context\":\"https:\/\/schema.org\",\"@graph\":[{\"@type\":\"WebPage\",\"@id\":\"https:\/\/sikom.de\/en\/support\/\",\"url\":\"https:\/\/sikom.de\/en\/support\/\",\"name\":\"Support - Sikom Software GmbH\",\"isPartOf\":{\"@id\":\"https:\/\/sikom.de\/en\/#website\"},\"datePublished\":\"2021-04-26T14:39:13+00:00\",\"dateModified\":\"2022-11-07T08:55:43+00:00\",\"description\":\"Contact information for our support hotline with email and toll-free telephone number as well as the operating hours.\",\"breadcrumb\":{\"@id\":\"https:\/\/sikom.de\/en\/support\/#breadcrumb\"},\"inLanguage\":\"de\",\"potentialAction\":[{\"@type\":\"ReadAction\",\"target\":[\"https:\/\/sikom.de\/en\/support\/\"]}]},{\"@type\":\"BreadcrumbList\",\"@id\":\"https:\/\/sikom.de\/en\/support\/#breadcrumb\",\"itemListElement\":[{\"@type\":\"ListItem\",\"position\":1,\"name\":\"Home\",\"item\":\"https:\/\/sikom.de\/en\/\"},{\"@type\":\"ListItem\",\"position\":2,\"name\":\"Support\"}]},{\"@type\":\"WebSite\",\"@id\":\"https:\/\/sikom.de\/en\/#website\",\"url\":\"https:\/\/sikom.de\/en\/\",\"name\":\"Sikom Software GmbH\",\"description\":\"Sikom \u2013 seit 25 Jahren einer der f\u00fchrenden Anbieter f\u00fcr Contact Center Systeme. Wir bieten unsere L\u00f6sung on-prem, als Hybrid- oder reine Cloudl\u00f6sung und entwickeln diese permanent weiter.\",\"potentialAction\":[{\"@type\":\"SearchAction\",\"target\":{\"@type\":\"EntryPoint\",\"urlTemplate\":\"https:\/\/sikom.de\/en\/?s={search_term_string}\"},\"query-input\":{\"@type\":\"PropertyValueSpecification\",\"valueRequired\":true,\"valueName\":\"search_term_string\"}}],\"inLanguage\":\"de\"}]}<\/script>\n<!-- \/ Yoast SEO plugin. -->","yoast_head_json":{"title":"Support - Sikom Software GmbH","description":"Contact information for our support hotline with email and toll-free telephone number as well as the operating hours.","robots":{"index":"index","follow":"follow","max-snippet":"max-snippet:-1","max-image-preview":"max-image-preview:large","max-video-preview":"max-video-preview:-1"},"canonical":"https:\/\/sikom.de\/en\/support\/","og_locale":"en_US","og_type":"article","og_title":"Support - Sikom Software GmbH","og_description":"Contact information for our support hotline with email and toll-free telephone number as well as the operating hours.","og_url":"https:\/\/sikom.de\/en\/support\/","og_site_name":"Sikom Software GmbH","article_modified_time":"2022-11-07T08:55:43+00:00","twitter_card":"summary_large_image","twitter_misc":{"Gesch\u00e4tzte Lesezeit":"1\u00a0Minute"},"schema":{"@context":"https:\/\/schema.org","@graph":[{"@type":"WebPage","@id":"https:\/\/sikom.de\/en\/support\/","url":"https:\/\/sikom.de\/en\/support\/","name":"Support - Sikom Software GmbH","isPartOf":{"@id":"https:\/\/sikom.de\/en\/#website"},"datePublished":"2021-04-26T14:39:13+00:00","dateModified":"2022-11-07T08:55:43+00:00","description":"Contact information for our support hotline with email and toll-free telephone number as well as the operating hours.","breadcrumb":{"@id":"https:\/\/sikom.de\/en\/support\/#breadcrumb"},"inLanguage":"de","potentialAction":[{"@type":"ReadAction","target":["https:\/\/sikom.de\/en\/support\/"]}]},{"@type":"BreadcrumbList","@id":"https:\/\/sikom.de\/en\/support\/#breadcrumb","itemListElement":[{"@type":"ListItem","position":1,"name":"Home","item":"https:\/\/sikom.de\/en\/"},{"@type":"ListItem","position":2,"name":"Support"}]},{"@type":"WebSite","@id":"https:\/\/sikom.de\/en\/#website","url":"https:\/\/sikom.de\/en\/","name":"Sikom Software GmbH","description":"Sikom \u2013 seit 25 Jahren einer der f\u00fchrenden Anbieter f\u00fcr Contact Center Systeme. Wir bieten unsere L\u00f6sung on-prem, als Hybrid- oder reine Cloudl\u00f6sung und entwickeln diese permanent weiter.","potentialAction":[{"@type":"SearchAction","target":{"@type":"EntryPoint","urlTemplate":"https:\/\/sikom.de\/en\/?s={search_term_string}"},"query-input":{"@type":"PropertyValueSpecification","valueRequired":true,"valueName":"search_term_string"}}],"inLanguage":"de"}]}},"_links":{"self":[{"href":"https:\/\/sikom.de\/en\/wp-json\/wp\/v2\/pages\/12821","targetHints":{"allow":["GET"]}}],"collection":[{"href":"https:\/\/sikom.de\/en\/wp-json\/wp\/v2\/pages"}],"about":[{"href":"https:\/\/sikom.de\/en\/wp-json\/wp\/v2\/types\/page"}],"author":[{"embeddable":true,"href":"https:\/\/sikom.de\/en\/wp-json\/wp\/v2\/users\/4"}],"replies":[{"embeddable":true,"href":"https:\/\/sikom.de\/en\/wp-json\/wp\/v2\/comments?post=12821"}],"version-history":[{"count":5,"href":"https:\/\/sikom.de\/en\/wp-json\/wp\/v2\/pages\/12821\/revisions"}],"predecessor-version":[{"id":12950,"href":"https:\/\/sikom.de\/en\/wp-json\/wp\/v2\/pages\/12821\/revisions\/12950"}],"wp:attachment":[{"href":"https:\/\/sikom.de\/en\/wp-json\/wp\/v2\/media?parent=12821"}],"curies":[{"name":"wp","href":"https:\/\/api.w.org\/{rel}","templated":true}]}}