{"id":12814,"date":"2021-02-08T08:20:14","date_gmt":"2021-02-08T07:20:14","guid":{"rendered":"https:\/\/sikom.de\/sustainability-and-security\/"},"modified":"2022-11-07T09:59:23","modified_gmt":"2022-11-07T08:59:23","slug":"sustainability-and-security","status":"publish","type":"page","link":"https:\/\/sikom.de\/en\/company\/sustainability-and-security\/","title":{"rendered":"Sustainability and Security"},"content":{"rendered":"<div class=\"wpb-content-wrapper\"><p>[vc_row][vc_column][vc_video link=&#8220;https:\/\/www.youtube.com\/watch?v=FKUsXmjMxdU&#8220; align=&#8220;center&#8220; css=&#8220;.vc_custom_1618553352836{border-top-width: 1px !important;border-right-width: 1px !important;border-bottom-width: 1px !important;border-left-width: 1px !important;padding-top: 5px !important;padding-right: 5px !important;padding-bottom: 5px !important;padding-left: 5px !important;border-left-color: #dddddd !important;border-left-style: solid !important;border-right-color: #dddddd !important;border-right-style: solid !important;border-top-color: #dddddd !important;border-top-style: solid !important;border-bottom-color: #dddddd !important;border-bottom-style: solid !important;}&#8220;][\/vc_column][\/vc_row][vc_row full_width=&#8220;stretch_row&#8220; css=&#8220;.vc_custom_1618569387138{background-color: #f6f6f6 !important;}&#8220;][vc_column][vc_row_inner css=&#8220;.vc_custom_1618569491917{padding-top: 0px !important;}&#8220;][vc_column_inner el_class=&#8220;inner-box&#8220;][vc_column_text]<\/p>\n<h1>Nachhaltiges Wirtschaften \u2013 we joined this initiative<\/h1>\n<h5>Sikom also stands for sustainability and environmental awareness.<\/h5>\n<p>[\/vc_column_text][\/vc_column_inner][\/vc_row_inner][vc_row_inner css=&#8220;.vc_custom_1618571526850{padding-top: 0px !important;padding-bottom: 0px !important;}&#8220;][vc_column_inner width=&#8220;1\/2&#8243;][vc_single_image image=&#8220;268&#8243; img_size=&#8220;full&#8220;][\/vc_column_inner][vc_column_inner width=&#8220;1\/2&#8243;][vc_column_text]<strong>Well-formulated goals on paper achieve little. That&#8217;s why we had ourselves tested and received an award.<\/strong><\/p>\n<p>The auditor was the City of Heidelberg with its certification programme &#8222;Nachhaltiges Wirtschaften &#8211; Sustainable Management&#8220;.<\/p>\n<p>The network &#8222;Nachhaltiges Wirtschaften f\u00fcr kleine und mittelst\u00e4ndische Unternehmen in Heidelberg&#8220; (Sustainable Management for Small and Medium-Sized Enterprises in Heidelberg) was started in June 2001 as a model project financially supported by the German Federal Environmental Foundation (DBU).<\/p>\n<p>The Ministry of the Environment of the State of Baden-W\u00fcrttemberg has adopted Heidelberg\u2019s concept since 2005 and offers it as the funding programme &#8222;ECOfit&#8220; throughout Baden-W\u00fcrttemberg.[\/vc_column_text][\/vc_column_inner][\/vc_row_inner][vc_column_text]<strong>We have already implemented:<\/strong>[\/vc_column_text][vc_row_inner css=&#8220;.vc_custom_1618571337462{padding-top: 0px !important;padding-bottom: 0px !important;}&#8220;][vc_column_inner width=&#8220;1\/2&#8243;][vc_column_text]<\/p>\n<ul class=\"special\">\n<li>virtual servers (energy efficiency)<\/li>\n<li>the replacement of high energy-consuming light bulbs<\/li>\n<li>the purchase of used office furniture and refurbished hardware<\/li>\n<li>saving water and reduction of plastic use<\/li>\n<li>the purchase of sustainable and recycled office materials (paper, etc.),<\/li>\n<\/ul>\n<p>[\/vc_column_text][\/vc_column_inner][vc_column_inner width=&#8220;1\/2&#8243;][vc_column_text]<\/p>\n<ul class=\"special\">\n<li>reducing business travel (web conferences) even before the pandemic<\/li>\n<li>use of rail cards<\/li>\n<li>formation of car pools<\/li>\n<li>change of the electricity provider to a 100 % natural electricity provider. All devices are now switched off overnight and when sending emails, we avoid large, CO2-intensive data volumes by using a company-owned cloud.<\/li>\n<\/ul>\n<p>[\/vc_column_text][\/vc_column_inner][\/vc_row_inner][\/vc_column][\/vc_row][vc_row full_width=&#8220;stretch_row&#8220; el_class=&#8220;even main-content&#8220;][vc_column][vc_column_text]<\/p>\n<h1>We make a strong case &#8211; also for energy efficiency<\/h1>\n<h5>Sikom sets sustainability guidelines<\/h5>\n<p>[\/vc_column_text][vc_row_inner css=&#8220;.vc_custom_1618571844269{padding-top: 0px !important;padding-bottom: 0px !important;}&#8220;][vc_column_inner width=&#8220;1\/2&#8243;][vc_column_text]As part of our continuous improvement, we continue to look at all our operations, particularly the ones concerning resource efficiency, and expect new ways of working that will save resources and costs. We also pay attention to energy efficiency in our products.[\/vc_column_text][vc_btn title=&#8220;Guidelines&#8220; color=&#8220;danger&#8220; link=&#8220;url:%2Fwp-content%2Fuploads%2F2021%2F04%2FUmwelt-Nachhaltigkeitsrichtline-Sikom-Software.pdf|target:_blank|&#8220; el_class=&#8220;d-block&#8220;][\/vc_column_inner][vc_column_inner width=&#8220;1\/2&#8243;][vc_column_text]Software applications have a very significant effect on energy consumption, so it makes sense to make them more environmentally friendly as early as the programming stage, thereby reducing electricity consumption in the long term.<\/p>\n<p>Our sustainability and environmental policy transparently outlines our policy in this area.[\/vc_column_text][\/vc_column_inner][\/vc_row_inner][\/vc_column][\/vc_row][vc_row full_width=&#8220;stretch_row&#8220; el_class=&#8220;grey main-content&#8220;][vc_column][vc_column_text]<\/p>\n<h1>Focus on IT security<\/h1>\n<p>[\/vc_column_text][vc_row_inner css=&#8220;.vc_custom_1618571844269{padding-top: 0px !important;padding-bottom: 0px !important;}&#8220;][vc_column_inner][vc_column_text]The security of information processing is an important component of our business policy. To protect our company and all our customers, information must be protected from misuse and loss of confidentiality, integrity and availability.<\/p>\n<p>One of the tasks of our Information Security Officer is to define a uniform level of security and to ensure compliance with it within the company by taking appropriate measures. We have formalised our processes with regard to information security according to the guidelines of DIN EN ISO\/IEC 27001.<br \/>\nmanagement system (ISMS).[\/vc_column_text][\/vc_column_inner][\/vc_row_inner][\/vc_column][\/vc_row][vc_row css=&#8220;.vc_custom_1618572544451{padding-bottom: 0px !important;}&#8220;][vc_column][vc_column_text]<\/p>\n<h1>Certificates<\/h1>\n<h5>These make us proud<\/h5>\n<p>[\/vc_column_text][\/vc_column][\/vc_row][vc_row css=&#8220;.vc_custom_1618572516553{padding-top: 0px !important;padding-bottom: 0px !important;}&#8220;][vc_column width=&#8220;1\/2&#8243;][vc_single_image image=&#8220;292&#8243; img_size=&#8220;large-custom&#8220; alignment=&#8220;center&#8220;][\/vc_column][vc_column width=&#8220;1\/2&#8243;][vc_single_image image=&#8220;287&#8243; img_size=&#8220;large&#8220; alignment=&#8220;center&#8220;][\/vc_column][\/vc_row]<\/p>\n<\/div>","protected":false},"excerpt":{"rendered":"<p>[vc_row][vc_column][vc_video link=&#8220;https:\/\/www.youtube.com\/watch?v=FKUsXmjMxdU&#8220; align=&#8220;center&#8220; css=&#8220;.vc_custom_1618553352836{border-top-width: 1px !important;border-right-width: 1px !important;border-bottom-width: 1px !important;border-left-width: 1px !important;padding-top: 5px !important;padding-right: 5px !important;padding-bottom: 5px !important;padding-left: 5px !important;border-left-color: #dddddd !important;border-left-style: solid !important;border-right-color: #dddddd !important;border-right-style: solid !important;border-top-color: #dddddd !important;border-top-style: solid !important;border-bottom-color: #dddddd !important;border-bottom-style: solid !important;}&#8220;][\/vc_column][\/vc_row][vc_row full_width=&#8220;stretch_row&#8220; css=&#8220;.vc_custom_1618569387138{background-color: #f6f6f6 !important;}&#8220;][vc_column][vc_row_inner css=&#8220;.vc_custom_1618569491917{padding-top: 0px !important;}&#8220;][vc_column_inner el_class=&#8220;inner-box&#8220;][vc_column_text] Nachhaltiges Wirtschaften \u2013 we joined this initiative Sikom also stands for [&hellip;]<\/p>\n","protected":false},"author":1,"featured_media":0,"parent":12927,"menu_order":47,"comment_status":"closed","ping_status":"closed","template":"","meta":{"_acf_changed":false,"footnotes":""},"class_list":["post-12814","page","type-page","status-publish","hentry"],"acf":[],"yoast_head":"<!-- This site is optimized with the Yoast SEO plugin v26.7 - https:\/\/yoast.com\/wordpress\/plugins\/seo\/ -->\n<title>Sustainability and Security - Sikom Software GmbH<\/title>\n<meta name=\"description\" content=\"Sustainability, energy efficiency and IT security - we have drawn up guidelines on these topics according to which we act\" \/>\n<meta name=\"robots\" content=\"index, follow, max-snippet:-1, max-image-preview:large, max-video-preview:-1\" \/>\n<link rel=\"canonical\" href=\"https:\/\/sikom.de\/en\/company\/sustainability-and-security\/\" \/>\n<meta property=\"og:locale\" content=\"en_US\" \/>\n<meta property=\"og:type\" content=\"article\" \/>\n<meta property=\"og:title\" content=\"Sustainability and Security - Sikom Software GmbH\" \/>\n<meta property=\"og:description\" content=\"Sustainability, energy efficiency and IT security - we have drawn up guidelines on these topics according to which we act\" \/>\n<meta property=\"og:url\" content=\"https:\/\/sikom.de\/en\/company\/sustainability-and-security\/\" \/>\n<meta property=\"og:site_name\" content=\"Sikom Software GmbH\" \/>\n<meta property=\"article:modified_time\" content=\"2022-11-07T08:59:23+00:00\" \/>\n<meta name=\"twitter:card\" content=\"summary_large_image\" \/>\n<meta name=\"twitter:label1\" content=\"Gesch\u00e4tzte Lesezeit\" \/>\n\t<meta name=\"twitter:data1\" content=\"3\u00a0Minuten\" \/>\n<script type=\"application\/ld+json\" class=\"yoast-schema-graph\">{\"@context\":\"https:\/\/schema.org\",\"@graph\":[{\"@type\":\"WebPage\",\"@id\":\"https:\/\/sikom.de\/en\/company\/sustainability-and-security\/\",\"url\":\"https:\/\/sikom.de\/en\/company\/sustainability-and-security\/\",\"name\":\"Sustainability and Security - Sikom Software GmbH\",\"isPartOf\":{\"@id\":\"https:\/\/sikom.de\/en\/#website\"},\"datePublished\":\"2021-02-08T07:20:14+00:00\",\"dateModified\":\"2022-11-07T08:59:23+00:00\",\"description\":\"Sustainability, energy efficiency and IT security - we have drawn up guidelines on these topics according to which we act\",\"breadcrumb\":{\"@id\":\"https:\/\/sikom.de\/en\/company\/sustainability-and-security\/#breadcrumb\"},\"inLanguage\":\"de\",\"potentialAction\":[{\"@type\":\"ReadAction\",\"target\":[\"https:\/\/sikom.de\/en\/company\/sustainability-and-security\/\"]}]},{\"@type\":\"BreadcrumbList\",\"@id\":\"https:\/\/sikom.de\/en\/company\/sustainability-and-security\/#breadcrumb\",\"itemListElement\":[{\"@type\":\"ListItem\",\"position\":1,\"name\":\"Home\",\"item\":\"https:\/\/sikom.de\/en\/\"},{\"@type\":\"ListItem\",\"position\":2,\"name\":\"Company\",\"item\":\"https:\/\/sikom.de\/en\/company\/\"},{\"@type\":\"ListItem\",\"position\":3,\"name\":\"Sustainability and Security\"}]},{\"@type\":\"WebSite\",\"@id\":\"https:\/\/sikom.de\/en\/#website\",\"url\":\"https:\/\/sikom.de\/en\/\",\"name\":\"Sikom Software GmbH\",\"description\":\"Sikom \u2013 seit 25 Jahren einer der f\u00fchrenden Anbieter f\u00fcr Contact Center Systeme. Wir bieten unsere L\u00f6sung on-prem, als Hybrid- oder reine Cloudl\u00f6sung und entwickeln diese permanent weiter.\",\"potentialAction\":[{\"@type\":\"SearchAction\",\"target\":{\"@type\":\"EntryPoint\",\"urlTemplate\":\"https:\/\/sikom.de\/en\/?s={search_term_string}\"},\"query-input\":{\"@type\":\"PropertyValueSpecification\",\"valueRequired\":true,\"valueName\":\"search_term_string\"}}],\"inLanguage\":\"de\"}]}<\/script>\n<!-- \/ Yoast SEO plugin. -->","yoast_head_json":{"title":"Sustainability and Security - Sikom Software GmbH","description":"Sustainability, energy efficiency and IT security - we have drawn up guidelines on these topics according to which we act","robots":{"index":"index","follow":"follow","max-snippet":"max-snippet:-1","max-image-preview":"max-image-preview:large","max-video-preview":"max-video-preview:-1"},"canonical":"https:\/\/sikom.de\/en\/company\/sustainability-and-security\/","og_locale":"en_US","og_type":"article","og_title":"Sustainability and Security - Sikom Software GmbH","og_description":"Sustainability, energy efficiency and IT security - we have drawn up guidelines on these topics according to which we act","og_url":"https:\/\/sikom.de\/en\/company\/sustainability-and-security\/","og_site_name":"Sikom Software GmbH","article_modified_time":"2022-11-07T08:59:23+00:00","twitter_card":"summary_large_image","twitter_misc":{"Gesch\u00e4tzte Lesezeit":"3\u00a0Minuten"},"schema":{"@context":"https:\/\/schema.org","@graph":[{"@type":"WebPage","@id":"https:\/\/sikom.de\/en\/company\/sustainability-and-security\/","url":"https:\/\/sikom.de\/en\/company\/sustainability-and-security\/","name":"Sustainability and Security - Sikom Software GmbH","isPartOf":{"@id":"https:\/\/sikom.de\/en\/#website"},"datePublished":"2021-02-08T07:20:14+00:00","dateModified":"2022-11-07T08:59:23+00:00","description":"Sustainability, energy efficiency and IT security - we have drawn up guidelines on these topics according to which we act","breadcrumb":{"@id":"https:\/\/sikom.de\/en\/company\/sustainability-and-security\/#breadcrumb"},"inLanguage":"de","potentialAction":[{"@type":"ReadAction","target":["https:\/\/sikom.de\/en\/company\/sustainability-and-security\/"]}]},{"@type":"BreadcrumbList","@id":"https:\/\/sikom.de\/en\/company\/sustainability-and-security\/#breadcrumb","itemListElement":[{"@type":"ListItem","position":1,"name":"Home","item":"https:\/\/sikom.de\/en\/"},{"@type":"ListItem","position":2,"name":"Company","item":"https:\/\/sikom.de\/en\/company\/"},{"@type":"ListItem","position":3,"name":"Sustainability and Security"}]},{"@type":"WebSite","@id":"https:\/\/sikom.de\/en\/#website","url":"https:\/\/sikom.de\/en\/","name":"Sikom Software GmbH","description":"Sikom \u2013 seit 25 Jahren einer der f\u00fchrenden Anbieter f\u00fcr Contact Center Systeme. Wir bieten unsere L\u00f6sung on-prem, als Hybrid- oder reine Cloudl\u00f6sung und entwickeln diese permanent weiter.","potentialAction":[{"@type":"SearchAction","target":{"@type":"EntryPoint","urlTemplate":"https:\/\/sikom.de\/en\/?s={search_term_string}"},"query-input":{"@type":"PropertyValueSpecification","valueRequired":true,"valueName":"search_term_string"}}],"inLanguage":"de"}]}},"_links":{"self":[{"href":"https:\/\/sikom.de\/en\/wp-json\/wp\/v2\/pages\/12814","targetHints":{"allow":["GET"]}}],"collection":[{"href":"https:\/\/sikom.de\/en\/wp-json\/wp\/v2\/pages"}],"about":[{"href":"https:\/\/sikom.de\/en\/wp-json\/wp\/v2\/types\/page"}],"author":[{"embeddable":true,"href":"https:\/\/sikom.de\/en\/wp-json\/wp\/v2\/users\/1"}],"replies":[{"embeddable":true,"href":"https:\/\/sikom.de\/en\/wp-json\/wp\/v2\/comments?post=12814"}],"version-history":[{"count":6,"href":"https:\/\/sikom.de\/en\/wp-json\/wp\/v2\/pages\/12814\/revisions"}],"predecessor-version":[{"id":13458,"href":"https:\/\/sikom.de\/en\/wp-json\/wp\/v2\/pages\/12814\/revisions\/13458"}],"up":[{"embeddable":true,"href":"https:\/\/sikom.de\/en\/wp-json\/wp\/v2\/pages\/12927"}],"wp:attachment":[{"href":"https:\/\/sikom.de\/en\/wp-json\/wp\/v2\/media?parent=12814"}],"curies":[{"name":"wp","href":"https:\/\/api.w.org\/{rel}","templated":true}]}}