{"id":12807,"date":"2021-02-08T08:32:36","date_gmt":"2021-02-08T07:32:36","guid":{"rendered":"https:\/\/sikom.de\/sikom-profile\/"},"modified":"2022-07-17T17:35:51","modified_gmt":"2022-07-17T15:35:51","slug":"sikom-profile","status":"publish","type":"page","link":"https:\/\/sikom.de\/en\/company\/sikom-profile\/","title":{"rendered":"Sikom Profile"},"content":{"rendered":"<div class=\"wpb-content-wrapper\"><p>[vc_row css_animation=&#8220;none&#8220; el_class=&#8220;steckbrief&#8220;][vc_column css_animation=&#8220;zoomIn&#8220; width=&#8220;1\/3&#8243;][vc_single_image image=&#8220;185&#8243; img_size=&#8220;full&#8220; alignment=&#8220;center&#8220;][vc_column_text]<\/p>\n<h4>Customised<br \/>\nsolutions<\/h4>\n<p>[\/vc_column_text][vc_separator][vc_column_text]Our software enables real-time, platform-independent, flexible,<br \/>\ninnovative and powerful customer communications[\/vc_column_text][\/vc_column][vc_column css_animation=&#8220;zoomIn&#8220; width=&#8220;1\/3&#8243;][vc_single_image image=&#8220;186&#8243; img_size=&#8220;full&#8220; alignment=&#8220;center&#8220;][vc_column_text]<\/p>\n<h4>20+ years<br \/>\nof market expertise<\/h4>\n<p>[\/vc_column_text][vc_separator][vc_column_text]Sustainable software solutions<br \/>\n\u00bbMade in Germany\u00ab \u2013<br \/>\nin the cloud or on-prem[\/vc_column_text][\/vc_column][vc_column css_animation=&#8220;zoomIn&#8220; width=&#8220;1\/3&#8243;][vc_single_image image=&#8220;188&#8243; img_size=&#8220;full&#8220; alignment=&#8220;center&#8220;][vc_column_text]<\/p>\n<h4>Our<br \/>\nlocations<\/h4>\n<p>[\/vc_column_text][vc_separator][vc_column_text]Headquarter in Heidelberg<br \/>\nDevelopment in Zwickau<br \/>\nSales &amp; Project Management nationwide[\/vc_column_text][\/vc_column][\/vc_row][vc_row css_animation=&#8220;fadeIn&#8220; el_class=&#8220;steckbrief&#8220;][vc_column css_animation=&#8220;zoomIn&#8220; width=&#8220;1\/3&#8243;][vc_single_image image=&#8220;187&#8243; img_size=&#8220;full&#8220; alignment=&#8220;center&#8220;][vc_column_text]<\/p>\n<h4>Strong<br \/>\nteam<\/h4>\n<p>[\/vc_column_text][vc_separator][vc_column_text]Thanks to our 60 bright minds, we always find a solution. Our project managers are distributed nationwide, guaranteeing fast accessibility and proximity to our customers.[\/vc_column_text][\/vc_column][vc_column css_animation=&#8220;zoomIn&#8220; width=&#8220;1\/3&#8243;][vc_single_image image=&#8220;183&#8243; img_size=&#8220;full&#8220; alignment=&#8220;center&#8220;][vc_column_text]<\/p>\n<h4>100%<br \/>\nhandmade<\/h4>\n<p>[\/vc_column_text][vc_separator][vc_column_text]Our high-performance &#8211; specially developed &#8211; i.e. handmade solutions are used by many companies, including DAX 30 companies as well as classic \u201cMittelstand\u201d businesses.[\/vc_column_text][\/vc_column][vc_column css_animation=&#8220;zoomIn&#8220; width=&#8220;1\/3&#8243;][vc_single_image image=&#8220;182&#8243; img_size=&#8220;full&#8220; alignment=&#8220;center&#8220;][vc_column_text]<\/p>\n<h4>Family-owned<br \/>\nbusiness<\/h4>\n<p>[\/vc_column_text][vc_separator][vc_column_text]Our company was founded in 1998 by J\u00fcrgen H. Hoffmeister and Frank Heintz. With Natascha Hoffmeister, the 2nd generation is at the helm of the company.[\/vc_column_text][\/vc_column][\/vc_row][vc_row full_width=&#8220;stretch_row&#8220; css_animation=&#8220;fadeIn&#8220; el_class=&#8220;even main-content&#8220;][vc_column][vc_column_text css=&#8220;.vc_custom_1613113136684{margin-bottom: 0px !important;}&#8220;]<\/p>\n<h1>What drives us<\/h1>\n<p>[\/vc_column_text][vc_row_inner][vc_column_inner width=&#8220;1\/2&#8243;][vc_column_text]<\/p>\n<h2>We are passionate about<br \/>\ncustomer service<\/h2>\n<p>[\/vc_column_text][vc_btn title=&#8220;Our customers&#8220; color=&#8220;danger&#8220; css=&#8220;.vc_custom_1658070864172{margin-top: 30px !important;}&#8220; link=&#8220;url:https%3A%2F%2Fsikom.de%2Fen%2Freferences%2F|target:_blank|&#8220;][\/vc_column_inner][vc_column_inner width=&#8220;1\/2&#8243;][vc_column_text]<\/p>\n<ul class=\"special\">\n<li>Best customer satisfaction &amp; high availability<\/li>\n<li>Efficient &amp; cost effective processing<\/li>\n<li>Innovative &amp; reliable customised software<\/li>\n<li>Strong employee &amp; management satisfaction<\/li>\n<\/ul>\n<p>[\/vc_column_text][\/vc_column_inner][\/vc_row_inner][\/vc_column][\/vc_row][vc_row css_animation=&#8220;fadeIn&#8220;][vc_column][vc_column_text]<\/p>\n<h1>The minds behind<\/h1>\n<p>[\/vc_column_text][vc_column_text]<\/p>\n<h2>Management<\/h2>\n<p>[\/vc_column_text][vc_row_inner equal_height=&#8220;yes&#8220; el_class=&#8220;img-boxes&#8220;][vc_column_inner width=&#8220;1\/3&#8243;][vc_single_image image=&#8220;471&#8243; img_size=&#8220;full&#8220;][vc_column_text]<strong>Natascha Hoffmeister<\/strong><\/p>\n<p>Dipl. Betriebswirtin FH<br \/>\nManaging Director<br \/>\nStrategy, Projects, HR &amp; Finance,<br \/>\nSales[\/vc_column_text][\/vc_column_inner][vc_column_inner width=&#8220;1\/3&#8243;][vc_single_image image=&#8220;472&#8243; img_size=&#8220;full&#8220;][vc_column_text]<strong>J\u00fcrgen H. Hoffmeister<\/strong><\/p>\n<p>Managing Partner[\/vc_column_text][\/vc_column_inner][vc_column_inner width=&#8220;1\/3&#8243;][vc_single_image image=&#8220;473&#8243; img_size=&#8220;full&#8220;][vc_column_text]<strong>Frank Heintz<\/strong><\/p>\n<p>Dipl. Engineer<br \/>\nManaging Partner<br \/>\nCTO &amp; Development[\/vc_column_text][\/vc_column_inner][\/vc_row_inner][\/vc_column][\/vc_row][vc_row css_animation=&#8220;fadeIn&#8220;][vc_column][vc_column_text]<\/p>\n<h2>Sikom is the operating system in customer communications<\/h2>\n<p>[\/vc_column_text][vc_column_text]As a leading software house for communication solutions and a medium-sized family-owned business, we work with around 60 employees on customer-specific and modern solutions in the contact center environment. We support our clients in effective and &#8222;state of the art&#8220; customer communications. For over 20 years, we have been developing powerful and integrated software solutions for omnichannel communication and routing processes in service centers, as well as to support digital sales. Our solutions are flexible, scalable and optimise processes. Thus our clients can use resources optimally, increase customer satisfaction and enhance efficiency sustainably. As an innovative and creative company, we are driving forward future technologies such as AI.[\/vc_column_text][vc_btn title=&#8220;Our partners&#8220; color=&#8220;danger&#8220; link=&#8220;url:https%3A%2F%2Fsikom.de%2Fen%2Fcompany%2Fpartners%2F|title:Partners|&#8220;][\/vc_column][\/vc_row][vc_row][vc_column][\/vc_column][\/vc_row]<\/p>\n<\/div>","protected":false},"excerpt":{"rendered":"<p>[vc_row css_animation=&#8220;none&#8220; el_class=&#8220;steckbrief&#8220;][vc_column css_animation=&#8220;zoomIn&#8220; width=&#8220;1\/3&#8243;][vc_single_image image=&#8220;185&#8243; img_size=&#8220;full&#8220; alignment=&#8220;center&#8220;][vc_column_text] Customised solutions [\/vc_column_text][vc_separator][vc_column_text]Our software enables real-time, platform-independent, flexible, innovative and powerful customer communications[\/vc_column_text][\/vc_column][vc_column css_animation=&#8220;zoomIn&#8220; width=&#8220;1\/3&#8243;][vc_single_image image=&#8220;186&#8243; img_size=&#8220;full&#8220; alignment=&#8220;center&#8220;][vc_column_text] 20+ years of market expertise [\/vc_column_text][vc_separator][vc_column_text]Sustainable software solutions \u00bbMade in Germany\u00ab \u2013 in the cloud or on-prem[\/vc_column_text][\/vc_column][vc_column css_animation=&#8220;zoomIn&#8220; width=&#8220;1\/3&#8243;][vc_single_image image=&#8220;188&#8243; img_size=&#8220;full&#8220; alignment=&#8220;center&#8220;][vc_column_text] Our locations [\/vc_column_text][vc_separator][vc_column_text]Headquarter in Heidelberg Development in [&hellip;]<\/p>\n","protected":false},"author":1,"featured_media":0,"parent":12927,"menu_order":38,"comment_status":"closed","ping_status":"closed","template":"","meta":{"_acf_changed":false,"footnotes":""},"class_list":["post-12807","page","type-page","status-publish","hentry"],"acf":[],"yoast_head":"<!-- This site is optimized with the Yoast SEO plugin v26.7 - https:\/\/yoast.com\/wordpress\/plugins\/seo\/ -->\n<title>Sikom Profile - Sikom Software GmbH<\/title>\n<meta name=\"description\" content=\"The Sikom Software profile: who we are, our operating system in customer communications - omnichannel solutions for service centres.\" \/>\n<meta name=\"robots\" content=\"index, follow, max-snippet:-1, max-image-preview:large, max-video-preview:-1\" \/>\n<link rel=\"canonical\" href=\"https:\/\/sikom.de\/en\/company\/sikom-profile\/\" \/>\n<meta property=\"og:locale\" content=\"en_US\" \/>\n<meta property=\"og:type\" content=\"article\" \/>\n<meta property=\"og:title\" content=\"Sikom Profile - Sikom Software GmbH\" \/>\n<meta property=\"og:description\" content=\"The Sikom Software profile: who we are, our operating system in customer communications - omnichannel solutions for service centres.\" \/>\n<meta property=\"og:url\" content=\"https:\/\/sikom.de\/en\/company\/sikom-profile\/\" \/>\n<meta property=\"og:site_name\" content=\"Sikom Software GmbH\" \/>\n<meta property=\"article:modified_time\" content=\"2022-07-17T15:35:51+00:00\" \/>\n<meta name=\"twitter:card\" content=\"summary_large_image\" \/>\n<meta name=\"twitter:label1\" content=\"Gesch\u00e4tzte Lesezeit\" \/>\n\t<meta name=\"twitter:data1\" content=\"3\u00a0Minuten\" \/>\n<script type=\"application\/ld+json\" class=\"yoast-schema-graph\">{\"@context\":\"https:\/\/schema.org\",\"@graph\":[{\"@type\":\"WebPage\",\"@id\":\"https:\/\/sikom.de\/en\/company\/sikom-profile\/\",\"url\":\"https:\/\/sikom.de\/en\/company\/sikom-profile\/\",\"name\":\"Sikom Profile - Sikom Software GmbH\",\"isPartOf\":{\"@id\":\"https:\/\/sikom.de\/en\/#website\"},\"datePublished\":\"2021-02-08T07:32:36+00:00\",\"dateModified\":\"2022-07-17T15:35:51+00:00\",\"description\":\"The Sikom Software profile: who we are, our operating system in customer communications - omnichannel solutions for service centres.\",\"breadcrumb\":{\"@id\":\"https:\/\/sikom.de\/en\/company\/sikom-profile\/#breadcrumb\"},\"inLanguage\":\"de\",\"potentialAction\":[{\"@type\":\"ReadAction\",\"target\":[\"https:\/\/sikom.de\/en\/company\/sikom-profile\/\"]}]},{\"@type\":\"BreadcrumbList\",\"@id\":\"https:\/\/sikom.de\/en\/company\/sikom-profile\/#breadcrumb\",\"itemListElement\":[{\"@type\":\"ListItem\",\"position\":1,\"name\":\"Home\",\"item\":\"https:\/\/sikom.de\/en\/\"},{\"@type\":\"ListItem\",\"position\":2,\"name\":\"Company\",\"item\":\"https:\/\/sikom.de\/en\/company\/\"},{\"@type\":\"ListItem\",\"position\":3,\"name\":\"Sikom Profile\"}]},{\"@type\":\"WebSite\",\"@id\":\"https:\/\/sikom.de\/en\/#website\",\"url\":\"https:\/\/sikom.de\/en\/\",\"name\":\"Sikom Software GmbH\",\"description\":\"Sikom \u2013 seit 25 Jahren einer der f\u00fchrenden Anbieter f\u00fcr Contact Center Systeme. Wir bieten unsere L\u00f6sung on-prem, als Hybrid- oder reine Cloudl\u00f6sung und entwickeln diese permanent weiter.\",\"potentialAction\":[{\"@type\":\"SearchAction\",\"target\":{\"@type\":\"EntryPoint\",\"urlTemplate\":\"https:\/\/sikom.de\/en\/?s={search_term_string}\"},\"query-input\":{\"@type\":\"PropertyValueSpecification\",\"valueRequired\":true,\"valueName\":\"search_term_string\"}}],\"inLanguage\":\"de\"}]}<\/script>\n<!-- \/ Yoast SEO plugin. -->","yoast_head_json":{"title":"Sikom Profile - Sikom Software GmbH","description":"The Sikom Software profile: who we are, our operating system in customer communications - omnichannel solutions for service centres.","robots":{"index":"index","follow":"follow","max-snippet":"max-snippet:-1","max-image-preview":"max-image-preview:large","max-video-preview":"max-video-preview:-1"},"canonical":"https:\/\/sikom.de\/en\/company\/sikom-profile\/","og_locale":"en_US","og_type":"article","og_title":"Sikom Profile - Sikom Software GmbH","og_description":"The Sikom Software profile: who we are, our operating system in customer communications - omnichannel solutions for service centres.","og_url":"https:\/\/sikom.de\/en\/company\/sikom-profile\/","og_site_name":"Sikom Software GmbH","article_modified_time":"2022-07-17T15:35:51+00:00","twitter_card":"summary_large_image","twitter_misc":{"Gesch\u00e4tzte Lesezeit":"3\u00a0Minuten"},"schema":{"@context":"https:\/\/schema.org","@graph":[{"@type":"WebPage","@id":"https:\/\/sikom.de\/en\/company\/sikom-profile\/","url":"https:\/\/sikom.de\/en\/company\/sikom-profile\/","name":"Sikom Profile - Sikom Software GmbH","isPartOf":{"@id":"https:\/\/sikom.de\/en\/#website"},"datePublished":"2021-02-08T07:32:36+00:00","dateModified":"2022-07-17T15:35:51+00:00","description":"The Sikom Software profile: who we are, our operating system in customer communications - omnichannel solutions for service centres.","breadcrumb":{"@id":"https:\/\/sikom.de\/en\/company\/sikom-profile\/#breadcrumb"},"inLanguage":"de","potentialAction":[{"@type":"ReadAction","target":["https:\/\/sikom.de\/en\/company\/sikom-profile\/"]}]},{"@type":"BreadcrumbList","@id":"https:\/\/sikom.de\/en\/company\/sikom-profile\/#breadcrumb","itemListElement":[{"@type":"ListItem","position":1,"name":"Home","item":"https:\/\/sikom.de\/en\/"},{"@type":"ListItem","position":2,"name":"Company","item":"https:\/\/sikom.de\/en\/company\/"},{"@type":"ListItem","position":3,"name":"Sikom Profile"}]},{"@type":"WebSite","@id":"https:\/\/sikom.de\/en\/#website","url":"https:\/\/sikom.de\/en\/","name":"Sikom Software GmbH","description":"Sikom \u2013 seit 25 Jahren einer der f\u00fchrenden Anbieter f\u00fcr Contact Center Systeme. Wir bieten unsere L\u00f6sung on-prem, als Hybrid- oder reine Cloudl\u00f6sung und entwickeln diese permanent weiter.","potentialAction":[{"@type":"SearchAction","target":{"@type":"EntryPoint","urlTemplate":"https:\/\/sikom.de\/en\/?s={search_term_string}"},"query-input":{"@type":"PropertyValueSpecification","valueRequired":true,"valueName":"search_term_string"}}],"inLanguage":"de"}]}},"_links":{"self":[{"href":"https:\/\/sikom.de\/en\/wp-json\/wp\/v2\/pages\/12807","targetHints":{"allow":["GET"]}}],"collection":[{"href":"https:\/\/sikom.de\/en\/wp-json\/wp\/v2\/pages"}],"about":[{"href":"https:\/\/sikom.de\/en\/wp-json\/wp\/v2\/types\/page"}],"author":[{"embeddable":true,"href":"https:\/\/sikom.de\/en\/wp-json\/wp\/v2\/users\/1"}],"replies":[{"embeddable":true,"href":"https:\/\/sikom.de\/en\/wp-json\/wp\/v2\/comments?post=12807"}],"version-history":[{"count":68,"href":"https:\/\/sikom.de\/en\/wp-json\/wp\/v2\/pages\/12807\/revisions"}],"predecessor-version":[{"id":13092,"href":"https:\/\/sikom.de\/en\/wp-json\/wp\/v2\/pages\/12807\/revisions\/13092"}],"up":[{"embeddable":true,"href":"https:\/\/sikom.de\/en\/wp-json\/wp\/v2\/pages\/12927"}],"wp:attachment":[{"href":"https:\/\/sikom.de\/en\/wp-json\/wp\/v2\/media?parent=12807"}],"curies":[{"name":"wp","href":"https:\/\/api.w.org\/{rel}","templated":true}]}}